{"id":5747,"date":"2025-05-29T15:15:55","date_gmt":"2025-05-29T12:15:55","guid":{"rendered":"https:\/\/karvuteasorti.lt\/?page_id=5747"},"modified":"2025-06-16T12:47:51","modified_gmt":"2025-06-16T09:47:51","slug":"pristatymas","status":"publish","type":"page","link":"https:\/\/karvuteasorti.lt\/lv\/pristatymas\/","title":{"rendered":"Pieg\u0101de"},"content":{"rendered":"<div data-elementor-type=\"wp-page\" data-elementor-id=\"5747\" class=\"elementor elementor-5747\" data-elementor-post-type=\"page\">\n\t\t\t\t<div class=\"elementor-element elementor-element-13e6e58 e-flex e-con-boxed e-con e-parent\" data-id=\"13e6e58\" data-element_type=\"container\">\n\t\t\t\t\t<div class=\"e-con-inner\">\n\t\t\t\t<div class=\"elementor-element elementor-element-fc07103 elementor-widget elementor-widget-text-editor\" data-id=\"fc07103\" data-element_type=\"widget\" data-widget_type=\"text-editor.default\">\n\t\t\t\t<div class=\"elementor-widget-container\">\n\t\t\t\t\t\t\t\t\t<p class=\"p1\">Prek\u0117s pristatomos nurodytu adresu per 1-3 darbo dienas.<\/p><p class=\"p1\">Jei negavote preki\u0173 per 3-5 darbo dienas, pra\u0161om kreiptis<\/p><p class=\"p1\">el. pa\u0161tu: <a href=\"mailto:info@karvuteasorti.lt\">info@karvuteasorti.lt<\/a> <br \/>arba tel: <a href=\"tel:+370\u202f611 47 405\">+370\u202f611 47 405<\/a>.<\/p><p class=\"p1\">\u00a0<\/p><p class=\"p1\"><b>Pristatymo vieta:<\/b><\/p><p class=\"p1\">J\u016bs\u0173 nurodytu adresu visoje Lietuvoje, i\u0161skyrus Kur\u0161i\u0173 nerij\u0105.<\/p><p class=\"p1\">\u00a0<\/p><p class=\"p1\"><b>Pristatymo mokestis:<\/b><\/p><p class=\"p1\">Preki\u0173 pristatymo mokestis nuo 3 Eur\u0173 (LP Express, Omniva pa\u0161tomatai), pristatymas \u012f namus su kurjeriu 4,49 Eur.<\/p><p class=\"p1\">Nemokamas pristatymas taikomas u\u017esakymams, kuri\u0173 vert\u0117 yra didesn\u0117 nei 50 Eur.<\/p><p class=\"p1\">Preki\u0173 pristatymas \u012f Kur\u0161i\u0173 nerij\u0105 \u2013 tik per Omniva ir LP Express pa\u0161tomatus.<\/p><p class=\"p1\">I\u0161samias preki\u0173 pirkimo e. parduotuv\u0117je Karvut\u0117 asorti el. parduotuv\u0117s taisykles rasite skiltyje Pirkimo taisykl\u0117s.<\/p>\t\t\t\t\t\t\t\t<\/div>\n\t\t\t\t<\/div>\n\t\t\t\t\t<\/div>\n\t\t\t\t<\/div>\n\t\t\t\t<\/div>","protected":false},"excerpt":{"rendered":"<p>Prek\u0117s pristatomos nurodytu adresu per 1-3 darbo dienas. Jei negavote preki\u0173 per 3-5 darbo dienas, pra\u0161om kreiptis el. pa\u0161tu: info@karvuteasorti.lt arba tel: +370\u202f611 47 405. \u00a0 Pristatymo vieta: J\u016bs\u0173 nurodytu adresu visoje Lietuvoje, i\u0161skyrus Kur\u0161i\u0173 nerij\u0105. \u00a0 Pristatymo mokestis: Preki\u0173 pristatymo mokestis nuo 3 Eur\u0173 (LP Express, Omniva pa\u0161tomatai), pristatymas \u012f namus su kurjeriu 4,49 [&hellip;]<\/p>","protected":false},"author":1,"featured_media":0,"parent":0,"menu_order":0,"comment_status":"closed","ping_status":"closed","template":"","meta":{"site-sidebar-layout":"no-sidebar","site-content-layout":"page-builder","ast-site-content-layout":"full-width-container","site-content-style":"default","site-sidebar-style":"default","ast-global-header-display":"","ast-banner-title-visibility":"","ast-main-header-display":"","ast-hfb-above-header-display":"","ast-hfb-below-header-display":"","ast-hfb-mobile-header-display":"","site-post-title":"disabled","ast-breadcrumbs-content":"","ast-featured-img":"disabled","footer-sml-layout":"","theme-transparent-header-meta":"","adv-header-id-meta":"","stick-header-meta":"","header-above-stick-meta":"","header-main-stick-meta":"","header-below-stick-meta":"","astra-migrate-meta-layouts":"default","ast-page-background-enabled":"default","ast-page-background-meta":{"desktop":{"background-color":"","background-image":"","background-repeat":"repeat","background-position":"center center","background-size":"auto","background-attachment":"scroll","background-type":"","background-media":"","overlay-type":"","overlay-color":"","overlay-opacity":"","overlay-gradient":""},"tablet":{"background-color":"","background-image":"","background-repeat":"repeat","background-position":"center center","background-size":"auto","background-attachment":"scroll","background-type":"","background-media":"","overlay-type":"","overlay-color":"","overlay-opacity":"","overlay-gradient":""},"mobile":{"background-color":"","background-image":"","background-repeat":"repeat","background-position":"center center","background-size":"auto","background-attachment":"scroll","background-type":"","background-media":"","overlay-type":"","overlay-color":"","overlay-opacity":"","overlay-gradient":""}},"ast-content-background-meta":{"desktop":{"background-color":"var(--ast-global-color-5)","background-image":"","background-repeat":"repeat","background-position":"center center","background-size":"auto","background-attachment":"scroll","background-type":"","background-media":"","overlay-type":"","overlay-color":"","overlay-opacity":"","overlay-gradient":""},"tablet":{"background-color":"var(--ast-global-color-5)","background-image":"","background-repeat":"repeat","background-position":"center center","background-size":"auto","background-attachment":"scroll","background-type":"","background-media":"","overlay-type":"","overlay-color":"","overlay-opacity":"","overlay-gradient":""},"mobile":{"background-color":"var(--ast-global-color-5)","background-image":"","background-repeat":"repeat","background-position":"center center","background-size":"auto","background-attachment":"scroll","background-type":"","background-media":"","overlay-type":"","overlay-color":"","overlay-opacity":"","overlay-gradient":""}},"footnotes":""},"class_list":["post-5747","page","type-page","status-publish","hentry"],"_links":{"self":[{"href":"https:\/\/karvuteasorti.lt\/lv\/wp-json\/wp\/v2\/pages\/5747","targetHints":{"allow":["GET"]}}],"collection":[{"href":"https:\/\/karvuteasorti.lt\/lv\/wp-json\/wp\/v2\/pages"}],"about":[{"href":"https:\/\/karvuteasorti.lt\/lv\/wp-json\/wp\/v2\/types\/page"}],"author":[{"embeddable":true,"href":"https:\/\/karvuteasorti.lt\/lv\/wp-json\/wp\/v2\/users\/1"}],"replies":[{"embeddable":true,"href":"https:\/\/karvuteasorti.lt\/lv\/wp-json\/wp\/v2\/comments?post=5747"}],"version-history":[{"count":7,"href":"https:\/\/karvuteasorti.lt\/lv\/wp-json\/wp\/v2\/pages\/5747\/revisions"}],"predecessor-version":[{"id":5861,"href":"https:\/\/karvuteasorti.lt\/lv\/wp-json\/wp\/v2\/pages\/5747\/revisions\/5861"}],"wp:attachment":[{"href":"https:\/\/karvuteasorti.lt\/lv\/wp-json\/wp\/v2\/media?parent=5747"}],"curies":[{"name":"wp","href":"https:\/\/api.w.org\/{rel}","templated":true}]}}