{"id":5772,"date":"2025-05-29T15:27:50","date_gmt":"2025-05-29T12:27:50","guid":{"rendered":"https:\/\/karvuteasorti.lt\/?page_id=5772"},"modified":"2025-10-20T14:21:12","modified_gmt":"2025-10-20T11:21:12","slug":"grazinimas","status":"publish","type":"page","link":"https:\/\/karvuteasorti.lt\/lv\/grazinimas\/","title":{"rendered":"Gr\u0105\u017einimas"},"content":{"rendered":"<div data-elementor-type=\"wp-page\" data-elementor-id=\"5772\" class=\"elementor elementor-5772\" data-elementor-post-type=\"page\">\n\t\t\t\t<div class=\"elementor-element elementor-element-f4cda88 e-flex e-con-boxed e-con e-parent\" data-id=\"f4cda88\" data-element_type=\"container\">\n\t\t\t\t\t<div class=\"e-con-inner\">\n\t\t\t\t<div class=\"elementor-element elementor-element-7848add elementor-widget elementor-widget-text-editor\" data-id=\"7848add\" data-element_type=\"widget\" data-widget_type=\"text-editor.default\">\n\t\t\t\t<div class=\"elementor-widget-container\">\n\t\t\t\t\t\t\t\t\t<p class=\"p1\">Netinkamas ar nekokybi\u0161kas prekes galima gr\u0105\u017einti LR \u012fstatymuose numatyta tvarka.<\/p><p class=\"p1\">Preki\u0173 gra\u017einimo atveju per 2 darbo dien\u0173 nuo j\u0173 gavimo dienos pra\u0161ome kreiptis<br \/>el. pa\u0161tu: <a href=\"mailto:info@karvuteasorti.lt\">info@karvuteasorti.lt<\/a><br \/>arba tel. <a href=\"tel:+370\u202f611 47405\">+370\u202f63550488<\/a><\/p><p>I\u0161samias preki\u0173 pirkimo e. parduotuv\u0117je karvute asorti taisykles rasite \u201ePirkimo taisykli\u0173\u201c skiltyje.<\/p>\t\t\t\t\t\t\t\t<\/div>\n\t\t\t\t<\/div>\n\t\t\t\t\t<\/div>\n\t\t\t\t<\/div>\n\t\t\t\t<\/div>","protected":false},"excerpt":{"rendered":"<p>Netinkamas ar nekokybi\u0161kas prekes galima gr\u0105\u017einti LR \u012fstatymuose numatyta tvarka. Preki\u0173 gra\u017einimo atveju per 2 darbo dien\u0173 nuo j\u0173 gavimo dienos pra\u0161ome kreiptisel. pa\u0161tu: info@karvuteasorti.ltarba tel. +370\u202f63550488 I\u0161samias preki\u0173 pirkimo e. parduotuv\u0117je karvute asorti taisykles rasite \u201ePirkimo taisykli\u0173\u201c skiltyje.<\/p>","protected":false},"author":1,"featured_media":0,"parent":0,"menu_order":0,"comment_status":"closed","ping_status":"closed","template":"","meta":{"site-sidebar-layout":"no-sidebar","site-content-layout":"page-builder","ast-site-content-layout":"full-width-container","site-content-style":"default","site-sidebar-style":"default","ast-global-header-display":"","ast-banner-title-visibility":"","ast-main-header-display":"","ast-hfb-above-header-display":"","ast-hfb-below-header-display":"","ast-hfb-mobile-header-display":"","site-post-title":"disabled","ast-breadcrumbs-content":"","ast-featured-img":"disabled","footer-sml-layout":"","theme-transparent-header-meta":"","adv-header-id-meta":"","stick-header-meta":"","header-above-stick-meta":"","header-main-stick-meta":"","header-below-stick-meta":"","astra-migrate-meta-layouts":"set","ast-page-background-enabled":"default","ast-page-background-meta":{"desktop":{"background-color":"","background-image":"","background-repeat":"repeat","background-position":"center center","background-size":"auto","background-attachment":"scroll","background-type":"","background-media":"","overlay-type":"","overlay-color":"","overlay-opacity":"","overlay-gradient":""},"tablet":{"background-color":"","background-image":"","background-repeat":"repeat","background-position":"center center","background-size":"auto","background-attachment":"scroll","background-type":"","background-media":"","overlay-type":"","overlay-color":"","overlay-opacity":"","overlay-gradient":""},"mobile":{"background-color":"","background-image":"","background-repeat":"repeat","background-position":"center center","background-size":"auto","background-attachment":"scroll","background-type":"","background-media":"","overlay-type":"","overlay-color":"","overlay-opacity":"","overlay-gradient":""}},"ast-content-background-meta":{"desktop":{"background-color":"var(--ast-global-color-5)","background-image":"","background-repeat":"repeat","background-position":"center center","background-size":"auto","background-attachment":"scroll","background-type":"","background-media":"","overlay-type":"","overlay-color":"","overlay-opacity":"","overlay-gradient":""},"tablet":{"background-color":"var(--ast-global-color-5)","background-image":"","background-repeat":"repeat","background-position":"center center","background-size":"auto","background-attachment":"scroll","background-type":"","background-media":"","overlay-type":"","overlay-color":"","overlay-opacity":"","overlay-gradient":""},"mobile":{"background-color":"var(--ast-global-color-5)","background-image":"","background-repeat":"repeat","background-position":"center center","background-size":"auto","background-attachment":"scroll","background-type":"","background-media":"","overlay-type":"","overlay-color":"","overlay-opacity":"","overlay-gradient":""}},"footnotes":""},"class_list":["post-5772","page","type-page","status-publish","hentry"],"_links":{"self":[{"href":"https:\/\/karvuteasorti.lt\/lv\/wp-json\/wp\/v2\/pages\/5772","targetHints":{"allow":["GET"]}}],"collection":[{"href":"https:\/\/karvuteasorti.lt\/lv\/wp-json\/wp\/v2\/pages"}],"about":[{"href":"https:\/\/karvuteasorti.lt\/lv\/wp-json\/wp\/v2\/types\/page"}],"author":[{"embeddable":true,"href":"https:\/\/karvuteasorti.lt\/lv\/wp-json\/wp\/v2\/users\/1"}],"replies":[{"embeddable":true,"href":"https:\/\/karvuteasorti.lt\/lv\/wp-json\/wp\/v2\/comments?post=5772"}],"version-history":[{"count":10,"href":"https:\/\/karvuteasorti.lt\/lv\/wp-json\/wp\/v2\/pages\/5772\/revisions"}],"predecessor-version":[{"id":6717,"href":"https:\/\/karvuteasorti.lt\/lv\/wp-json\/wp\/v2\/pages\/5772\/revisions\/6717"}],"wp:attachment":[{"href":"https:\/\/karvuteasorti.lt\/lv\/wp-json\/wp\/v2\/media?parent=5772"}],"curies":[{"name":"wp","href":"https:\/\/api.w.org\/{rel}","templated":true}]}}