{"id":157,"date":"2025-05-06T12:39:37","date_gmt":"2025-05-06T12:39:37","guid":{"rendered":"https:\/\/karvuteasorti.lt\/product\/cashew-butter\/"},"modified":"2025-11-14T16:38:19","modified_gmt":"2025-11-14T13:38:19","slug":"dangiskas-kokosas","status":"publish","type":"product","link":"https:\/\/karvuteasorti.lt\/lv\/product\/dangiskas-kokosas\/","title":{"rendered":"Dangi\u0161kas kokosas karvut\u0117"},"content":{"rendered":"<p class=\"\" data-start=\"129\" data-end=\"433\"><strong>Karvut\u0117 \u201eDangi\u0161kas kokosas\u201c<\/strong><\/p>\n<p class=\"\" data-start=\"129\" data-end=\"433\">\u0160velnaus skonio lietuvi\u0161kas saldainis, praturtintas kokos\u0173 dro\u017el\u0117mis. Kokos\u0173 dro\u017el\u0117s suteikia nat\u016bral\u0173 tropin\u012f akcent\u0105, kuris tobulai dera su karamel\u0117s saldumu \u2013 skonis tikrai dangi\u0161kas! \u0160i karvut\u0117 gaminama be palmi\u0173 aliejaus ir be prid\u0117tin\u0117s druskos \u2013 tik i\u0161 tikro sviesto ir nenugriebto pieno milteli\u0173.<\/p>\n<p class=\"\" data-start=\"435\" data-end=\"570\"><strong data-start=\"435\" data-end=\"447\">Sud\u0117tis:<\/strong> cukrus, gliukoz\u0117s sirupas, nenugriebto pieno milteliai (11\u202f%), sviestas (i\u0161 pieno), kokos\u0173 dro\u017el\u0117s (3\u202f%), kokos\u0173 aromatas.<\/p>\n<p class=\"\" data-start=\"572\" data-end=\"662\"><strong data-start=\"572\" data-end=\"586\">Alergenai:<\/strong> pienas, kokosas.<br data-start=\"603\" data-end=\"606\" \/><strong data-start=\"606\" data-end=\"626\">Laikymo s\u0105lygos:<\/strong> laikyti sausoje ir v\u0117sioje vietoje.<\/p>\n<p class=\"\" data-start=\"664\" data-end=\"878\"><strong data-start=\"664\" data-end=\"689\">Uztura v\u0113rt\u012bba 100 g:<\/strong><br data-start=\"689\" data-end=\"692\" \/>Energija: 1694 kJ \/ 401 kcal<br data-start=\"720\" data-end=\"723\" \/>Riebalai: 9,4 g (i\u0161 j\u0173 so\u010di\u0173j\u0173 riebal\u0173 r\u016bg\u0161\u010di\u0173: 6,1 g)<br data-start=\"777\" data-end=\"780\" \/>Angliavandeniai: 76 g (i\u0161 j\u0173 cukr\u0173: 64 g)<br data-start=\"821\" data-end=\"824\" \/>Baltymai: 3,2 g<br data-start=\"839\" data-end=\"842\" \/>S\u0101ls: 0,10 g<\/p>","protected":false},"excerpt":{"rendered":"<p>\u0160velnaus skonio lietuvi\u0161kas saldainis, praturtintas kokos\u0173 dro\u017el\u0117mis.<\/p>","protected":false},"featured_media":6695,"comment_status":"open","ping_status":"closed","template":"","meta":{"site-sidebar-layout":"default","site-content-layout":"default","ast-site-content-layout":"default","site-content-style":"default","site-sidebar-style":"default","ast-global-header-display":"","ast-banner-title-visibility":"","ast-main-header-display":"","ast-hfb-above-header-display":"","ast-hfb-below-header-display":"","ast-hfb-mobile-header-display":"","site-post-title":"","ast-breadcrumbs-content":"","ast-featured-img":"","footer-sml-layout":"","theme-transparent-header-meta":"default","adv-header-id-meta":"","stick-header-meta":"","header-above-stick-meta":"","header-main-stick-meta":"","header-below-stick-meta":"","astra-migrate-meta-layouts":"set","ast-page-background-enabled":"default","ast-page-background-meta":{"desktop":{"background-color":"","background-image":"","background-repeat":"repeat","background-position":"center center","background-size":"auto","background-attachment":"scroll","background-type":"","background-media":"","overlay-type":"","overlay-color":"","overlay-opacity":"","overlay-gradient":""},"tablet":{"background-color":"","background-image":"","background-repeat":"repeat","background-position":"center center","background-size":"auto","background-attachment":"scroll","background-type":"","background-media":"","overlay-type":"","overlay-color":"","overlay-opacity":"","overlay-gradient":""},"mobile":{"background-color":"","background-image":"","background-repeat":"repeat","background-position":"center center","background-size":"auto","background-attachment":"scroll","background-type":"","background-media":"","overlay-type":"","overlay-color":"","overlay-opacity":"","overlay-gradient":""}},"ast-content-background-meta":{"desktop":{"background-color":"var(--ast-global-color-5)","background-image":"","background-repeat":"repeat","background-position":"center center","background-size":"auto","background-attachment":"scroll","background-type":"","background-media":"","overlay-type":"","overlay-color":"","overlay-opacity":"","overlay-gradient":""},"tablet":{"background-color":"var(--ast-global-color-5)","background-image":"","background-repeat":"repeat","background-position":"center center","background-size":"auto","background-attachment":"scroll","background-type":"","background-media":"","overlay-type":"","overlay-color":"","overlay-opacity":"","overlay-gradient":""},"mobile":{"background-color":"var(--ast-global-color-5)","background-image":"","background-repeat":"repeat","background-position":"center center","background-size":"auto","background-attachment":"scroll","background-type":"","background-media":"","overlay-type":"","overlay-color":"","overlay-opacity":"","overlay-gradient":""}}},"product_brand":[],"product_cat":[49,34],"product_tag":[],"class_list":{"0":"post-157","1":"product","2":"type-product","3":"status-publish","4":"has-post-thumbnail","6":"product_cat-klasika","7":"product_cat-saldainiai","8":"desktop-align-center","9":"tablet-align-center","10":"mobile-align-center","11":"ast-product-gallery-layout-horizontal","12":"ast-product-gallery-with-no-image","13":"ast-product-single-variable","14":"ast-product-tabs-layout-horizontal","15":"ast-qv-on-image","17":"first","18":"instock","19":"sale","20":"shipping-taxable","21":"purchasable","22":"product-type-variable"},"_links":{"self":[{"href":"https:\/\/karvuteasorti.lt\/lv\/wp-json\/wp\/v2\/product\/157","targetHints":{"allow":["GET"]}}],"collection":[{"href":"https:\/\/karvuteasorti.lt\/lv\/wp-json\/wp\/v2\/product"}],"about":[{"href":"https:\/\/karvuteasorti.lt\/lv\/wp-json\/wp\/v2\/types\/product"}],"replies":[{"embeddable":true,"href":"https:\/\/karvuteasorti.lt\/lv\/wp-json\/wp\/v2\/comments?post=157"}],"wp:featuredmedia":[{"embeddable":true,"href":"https:\/\/karvuteasorti.lt\/lv\/wp-json\/wp\/v2\/media\/6695"}],"wp:attachment":[{"href":"https:\/\/karvuteasorti.lt\/lv\/wp-json\/wp\/v2\/media?parent=157"}],"wp:term":[{"taxonomy":"product_brand","embeddable":true,"href":"https:\/\/karvuteasorti.lt\/lv\/wp-json\/wp\/v2\/product_brand?post=157"},{"taxonomy":"product_cat","embeddable":true,"href":"https:\/\/karvuteasorti.lt\/lv\/wp-json\/wp\/v2\/product_cat?post=157"},{"taxonomy":"product_tag","embeddable":true,"href":"https:\/\/karvuteasorti.lt\/lv\/wp-json\/wp\/v2\/product_tag?post=157"}],"curies":[{"name":"wp","href":"https:\/\/api.w.org\/{rel}","templated":true}]}}