{"id":160,"date":"2025-05-06T12:39:37","date_gmt":"2025-05-06T12:39:37","guid":{"rendered":"https:\/\/karvuteasorti.lt\/product\/organic-face-scrub\/"},"modified":"2025-11-14T16:38:24","modified_gmt":"2025-11-14T13:38:24","slug":"sudyta-karamele","status":"publish","type":"product","link":"https:\/\/karvuteasorti.lt\/lv\/product\/sudyta-karamele\/","title":{"rendered":"S\u016bdyta karamel\u0117 karvut\u0117"},"content":{"rendered":"<p data-start=\"123\" data-end=\"393\"><strong>Karvut\u0117 \u201eS\u016bdyta karamel\u0117\u201c<\/strong><\/p>\n<p class=\"\" data-start=\"123\" data-end=\"393\">Tradicinio skonio lietuvi\u0161ka karvut\u0117 su i\u0161skirtiniu s\u016bdytos karamel\u0117s skoniu. Himalaj\u0173 druska subtiliai papildo karamel\u0117s skon\u012f, suteikdama saldainiams malon\u0173, \u0161iek tiek pikanti\u0161k\u0105 poskon\u012f. Gaminama tik i\u0161 tikro sviesto ir nenugriebto pieno milteli\u0173, be palmi\u0173 aliejaus.<\/p>\n<p class=\"\" data-start=\"395\" data-end=\"526\"><strong data-start=\"395\" data-end=\"407\">Sud\u0117tis:<\/strong> cukrus, gliukoz\u0117s sirupas, nenugriebto pieno milteliai (11\u202f%), sviestas (i\u0161 pieno), Himalaj\u0173 druska (0,9\u202f%), aromatas.<\/p>\n<p class=\"\" data-start=\"528\" data-end=\"617\"><strong data-start=\"528\" data-end=\"542\">Alergenai:<\/strong> pienas, druska.<br data-start=\"558\" data-end=\"561\" \/><strong data-start=\"561\" data-end=\"581\">Laikymo s\u0105lygos:<\/strong> laikyti sausoje ir v\u0117sioje vietoje.<\/p>\n<p class=\"\" data-start=\"619\" data-end=\"811\"><strong data-start=\"619\" data-end=\"644\">Uztura v\u0113rt\u012bba 100 g:<\/strong><br data-start=\"644\" data-end=\"647\" \/>Energija: 1643 kJ \/ 389 kcal<br data-start=\"675\" data-end=\"678\" \/>Riebalai: 7,7 g (i\u0161 j\u0173 so\u010di\u0173j\u0173 riebal\u0173 r\u016bg\u0161\u010di\u0173: 4,7 g)<br data-start=\"732\" data-end=\"735\" \/>Angliavandeniai: 77 g (i\u0161 j\u0173 cukr\u0173: 65 g)<br data-start=\"776\" data-end=\"779\" \/>Baltymai: 2,9 g<br data-start=\"794\" data-end=\"797\" \/>Druska: 0,91 g<\/p>","protected":false},"excerpt":{"rendered":"<p>Tradicinio skonio lietuvi\u0161ka karvut\u0117 su i\u0161skirtiniu s\u016bdytos karamel\u0117s skoniu<\/p>","protected":false},"featured_media":6697,"comment_status":"open","ping_status":"closed","template":"","meta":{"site-sidebar-layout":"default","site-content-layout":"default","ast-site-content-layout":"default","site-content-style":"default","site-sidebar-style":"default","ast-global-header-display":"","ast-banner-title-visibility":"","ast-main-header-display":"","ast-hfb-above-header-display":"","ast-hfb-below-header-display":"","ast-hfb-mobile-header-display":"","site-post-title":"","ast-breadcrumbs-content":"","ast-featured-img":"","footer-sml-layout":"","theme-transparent-header-meta":"default","adv-header-id-meta":"","stick-header-meta":"","header-above-stick-meta":"","header-main-stick-meta":"","header-below-stick-meta":"","astra-migrate-meta-layouts":"set","ast-page-background-enabled":"default","ast-page-background-meta":{"desktop":{"background-color":"","background-image":"","background-repeat":"repeat","background-position":"center center","background-size":"auto","background-attachment":"scroll","background-type":"","background-media":"","overlay-type":"","overlay-color":"","overlay-opacity":"","overlay-gradient":""},"tablet":{"background-color":"","background-image":"","background-repeat":"repeat","background-position":"center center","background-size":"auto","background-attachment":"scroll","background-type":"","background-media":"","overlay-type":"","overlay-color":"","overlay-opacity":"","overlay-gradient":""},"mobile":{"background-color":"","background-image":"","background-repeat":"repeat","background-position":"center center","background-size":"auto","background-attachment":"scroll","background-type":"","background-media":"","overlay-type":"","overlay-color":"","overlay-opacity":"","overlay-gradient":""}},"ast-content-background-meta":{"desktop":{"background-color":"var(--ast-global-color-5)","background-image":"","background-repeat":"repeat","background-position":"center center","background-size":"auto","background-attachment":"scroll","background-type":"","background-media":"","overlay-type":"","overlay-color":"","overlay-opacity":"","overlay-gradient":""},"tablet":{"background-color":"var(--ast-global-color-5)","background-image":"","background-repeat":"repeat","background-position":"center center","background-size":"auto","background-attachment":"scroll","background-type":"","background-media":"","overlay-type":"","overlay-color":"","overlay-opacity":"","overlay-gradient":""},"mobile":{"background-color":"var(--ast-global-color-5)","background-image":"","background-repeat":"repeat","background-position":"center center","background-size":"auto","background-attachment":"scroll","background-type":"","background-media":"","overlay-type":"","overlay-color":"","overlay-opacity":"","overlay-gradient":""}}},"product_brand":[],"product_cat":[49,34],"product_tag":[],"class_list":{"0":"post-160","1":"product","2":"type-product","3":"status-publish","4":"has-post-thumbnail","6":"product_cat-klasika","7":"product_cat-saldainiai","8":"desktop-align-center","9":"tablet-align-center","10":"mobile-align-center","11":"ast-product-gallery-layout-horizontal","12":"ast-product-gallery-with-no-image","13":"ast-product-single-variable","14":"ast-product-tabs-layout-horizontal","15":"ast-qv-on-image","17":"first","18":"instock","19":"sale","20":"featured","21":"shipping-taxable","22":"purchasable","23":"product-type-variable"},"_links":{"self":[{"href":"https:\/\/karvuteasorti.lt\/lv\/wp-json\/wp\/v2\/product\/160","targetHints":{"allow":["GET"]}}],"collection":[{"href":"https:\/\/karvuteasorti.lt\/lv\/wp-json\/wp\/v2\/product"}],"about":[{"href":"https:\/\/karvuteasorti.lt\/lv\/wp-json\/wp\/v2\/types\/product"}],"replies":[{"embeddable":true,"href":"https:\/\/karvuteasorti.lt\/lv\/wp-json\/wp\/v2\/comments?post=160"}],"wp:featuredmedia":[{"embeddable":true,"href":"https:\/\/karvuteasorti.lt\/lv\/wp-json\/wp\/v2\/media\/6697"}],"wp:attachment":[{"href":"https:\/\/karvuteasorti.lt\/lv\/wp-json\/wp\/v2\/media?parent=160"}],"wp:term":[{"taxonomy":"product_brand","embeddable":true,"href":"https:\/\/karvuteasorti.lt\/lv\/wp-json\/wp\/v2\/product_brand?post=160"},{"taxonomy":"product_cat","embeddable":true,"href":"https:\/\/karvuteasorti.lt\/lv\/wp-json\/wp\/v2\/product_cat?post=160"},{"taxonomy":"product_tag","embeddable":true,"href":"https:\/\/karvuteasorti.lt\/lv\/wp-json\/wp\/v2\/product_tag?post=160"}],"curies":[{"name":"wp","href":"https:\/\/api.w.org\/{rel}","templated":true}]}}