{"id":161,"date":"2025-05-06T12:39:37","date_gmt":"2025-05-06T12:39:37","guid":{"rendered":"https:\/\/karvuteasorti.lt\/product\/diabetic-cookies\/"},"modified":"2026-04-15T15:57:32","modified_gmt":"2026-04-15T12:57:32","slug":"braskiu-bucinys","status":"publish","type":"product","link":"https:\/\/karvuteasorti.lt\/lv\/product\/braskiu-bucinys\/","title":{"rendered":"Bra\u0161ki\u0173 bu\u010dinys karvut\u0117"},"content":{"rendered":"<p>Karvut\u0117 \u201eBra\u0161ki\u0173 bu\u010dinys\u201c<\/p>\n<p class=\"\" data-start=\"257\" data-end=\"552\">Tradicinio skonio lietuvi\u0161kas saldainis \u2013 \u0161velni, rank\u0173 darbo karvut\u0117 su bra\u0161ki\u0173 skoniu. Gaivus bra\u0161ki\u0173 akcentas suteikia \u0161iam saldainiui vasari\u0161kos nuotaikos ir \u0161velnaus uoginio poskonio. Gaminama tik i\u0161 tikro sviesto ir nenugriebto pieno milteli\u0173 \u2013 be palmi\u0173 aliejaus ir be prid\u0117tin\u0117s druskos.<\/p>\n<p class=\"\" data-start=\"554\" data-end=\"687\"><strong data-start=\"554\" data-end=\"566\">Sud\u0117tis:<\/strong> cukrus, gliukoz\u0117s sirupas, nenugriebto pieno milteliai (11\u202f%), sviestas (i\u0161 pieno), bra\u0161k\u0117s, vanil\u0117s ir vaisi\u0173 aromatai.<\/p>\n<p class=\"\" data-start=\"689\" data-end=\"770\"><strong data-start=\"689\" data-end=\"703\">Alergenai:<\/strong> pienas.<br data-start=\"711\" data-end=\"714\" \/><strong data-start=\"714\" data-end=\"734\">Laikymo s\u0105lygos:<\/strong> laikyti sausoje ir v\u0117sioje vietoje.<\/p>\n<p class=\"\" data-start=\"772\" data-end=\"986\"><strong data-start=\"772\" data-end=\"797\">Uztura v\u0113rt\u012bba 100 g:<\/strong><br data-start=\"797\" data-end=\"800\" \/>Energija: 1640 kJ \/ 388 kcal<br data-start=\"828\" data-end=\"831\" \/>Riebalai: 7,6 g (i\u0161 j\u0173 so\u010di\u0173j\u0173 riebal\u0173 r\u016bg\u0161\u010di\u0173: 4,6 g)<br data-start=\"885\" data-end=\"888\" \/>Angliavandeniai: 77 g (i\u0161 j\u0173 cukr\u0173: 64 g)<br data-start=\"929\" data-end=\"932\" \/>Baltymai: 2,9 g<br data-start=\"947\" data-end=\"950\" \/>S\u0101ls: 0,10 g<\/p>","protected":false},"excerpt":{"rendered":"<p>Tradicinio skonio lietuvi\u0161kas saldainis \u2013 \u0161velni, rank\u0173 darbo karvut\u0117 su bra\u0161ki\u0173 skoniu.<\/p>","protected":false},"featured_media":6689,"comment_status":"open","ping_status":"closed","template":"","meta":{"site-sidebar-layout":"default","site-content-layout":"default","ast-site-content-layout":"default","site-content-style":"default","site-sidebar-style":"default","ast-global-header-display":"","ast-banner-title-visibility":"","ast-main-header-display":"","ast-hfb-above-header-display":"","ast-hfb-below-header-display":"","ast-hfb-mobile-header-display":"","site-post-title":"","ast-breadcrumbs-content":"","ast-featured-img":"","footer-sml-layout":"","theme-transparent-header-meta":"default","adv-header-id-meta":"","stick-header-meta":"","header-above-stick-meta":"","header-main-stick-meta":"","header-below-stick-meta":"","astra-migrate-meta-layouts":"set","ast-page-background-enabled":"default","ast-page-background-meta":{"desktop":{"background-color":"","background-image":"","background-repeat":"repeat","background-position":"center center","background-size":"auto","background-attachment":"scroll","background-type":"","background-media":"","overlay-type":"","overlay-color":"","overlay-opacity":"","overlay-gradient":""},"tablet":{"background-color":"","background-image":"","background-repeat":"repeat","background-position":"center center","background-size":"auto","background-attachment":"scroll","background-type":"","background-media":"","overlay-type":"","overlay-color":"","overlay-opacity":"","overlay-gradient":""},"mobile":{"background-color":"","background-image":"","background-repeat":"repeat","background-position":"center center","background-size":"auto","background-attachment":"scroll","background-type":"","background-media":"","overlay-type":"","overlay-color":"","overlay-opacity":"","overlay-gradient":""}},"ast-content-background-meta":{"desktop":{"background-color":"var(--ast-global-color-5)","background-image":"","background-repeat":"repeat","background-position":"center center","background-size":"auto","background-attachment":"scroll","background-type":"","background-media":"","overlay-type":"","overlay-color":"","overlay-opacity":"","overlay-gradient":""},"tablet":{"background-color":"var(--ast-global-color-5)","background-image":"","background-repeat":"repeat","background-position":"center center","background-size":"auto","background-attachment":"scroll","background-type":"","background-media":"","overlay-type":"","overlay-color":"","overlay-opacity":"","overlay-gradient":""},"mobile":{"background-color":"var(--ast-global-color-5)","background-image":"","background-repeat":"repeat","background-position":"center center","background-size":"auto","background-attachment":"scroll","background-type":"","background-media":"","overlay-type":"","overlay-color":"","overlay-opacity":"","overlay-gradient":""}}},"product_brand":[],"product_cat":[49,34],"product_tag":[],"class_list":{"0":"post-161","1":"product","2":"type-product","3":"status-publish","4":"has-post-thumbnail","6":"product_cat-klasika","7":"product_cat-saldainiai","8":"desktop-align-center","9":"tablet-align-center","10":"mobile-align-center","11":"ast-product-gallery-layout-horizontal","12":"ast-product-gallery-with-no-image","13":"ast-product-single-variable","14":"ast-product-tabs-layout-horizontal","15":"ast-qv-on-image","17":"first","18":"instock","19":"sale","20":"shipping-taxable","21":"purchasable","22":"product-type-variable"},"_links":{"self":[{"href":"https:\/\/karvuteasorti.lt\/lv\/wp-json\/wp\/v2\/product\/161","targetHints":{"allow":["GET"]}}],"collection":[{"href":"https:\/\/karvuteasorti.lt\/lv\/wp-json\/wp\/v2\/product"}],"about":[{"href":"https:\/\/karvuteasorti.lt\/lv\/wp-json\/wp\/v2\/types\/product"}],"replies":[{"embeddable":true,"href":"https:\/\/karvuteasorti.lt\/lv\/wp-json\/wp\/v2\/comments?post=161"}],"wp:featuredmedia":[{"embeddable":true,"href":"https:\/\/karvuteasorti.lt\/lv\/wp-json\/wp\/v2\/media\/6689"}],"wp:attachment":[{"href":"https:\/\/karvuteasorti.lt\/lv\/wp-json\/wp\/v2\/media?parent=161"}],"wp:term":[{"taxonomy":"product_brand","embeddable":true,"href":"https:\/\/karvuteasorti.lt\/lv\/wp-json\/wp\/v2\/product_brand?post=161"},{"taxonomy":"product_cat","embeddable":true,"href":"https:\/\/karvuteasorti.lt\/lv\/wp-json\/wp\/v2\/product_cat?post=161"},{"taxonomy":"product_tag","embeddable":true,"href":"https:\/\/karvuteasorti.lt\/lv\/wp-json\/wp\/v2\/product_tag?post=161"}],"curies":[{"name":"wp","href":"https:\/\/api.w.org\/{rel}","templated":true}]}}