{"id":167,"date":"2025-05-06T12:39:37","date_gmt":"2025-05-06T12:39:37","guid":{"rendered":"https:\/\/karvuteasorti.lt\/product\/wheat-from-organic-farms\/"},"modified":"2025-11-14T16:38:35","modified_gmt":"2025-11-14T13:38:35","slug":"aguonu-laukas","status":"publish","type":"product","link":"https:\/\/karvuteasorti.lt\/lv\/product\/aguonu-laukas\/","title":{"rendered":"Aguon\u0173 laukas karvut\u0117"},"content":{"rendered":"<p><strong>Karvut\u0117 \u201eAguon\u0173 laukas\u201c\u00a0<\/strong><\/p>\n<p>Tradicinio skonio lietuvi\u0161kas saldainis \u2013 \u0161velni, rank\u0173 darbo karvut\u0117 su aguonomis. Aguon\u0173 s\u0117klos \u010dia subtiliai papildo karamelin\u012f skon\u012f ir suteikia ypating\u0105, \u0161venti\u0161k\u0105 poskon\u012f. Gaminama naudojant tik tikr\u0105 sviest\u0105 ir nenugriebto pieno miltelius \u2013 be palmi\u0173 aliejaus, be prid\u0117tin\u0117s druskos.<\/p>\n<p class=\"\" data-start=\"443\" data-end=\"572\"><strong data-start=\"443\" data-end=\"455\">Sud\u0117tis:<\/strong> cukrus, gliukoz\u0117s sirupas, nenugriebto pieno milteliai (11\u202f%), sviestas (i\u0161 pieno), aguonos (3\u202f%), vanil\u0117s aromatas.<\/p>\n<p class=\"\" data-start=\"574\" data-end=\"664\"><strong data-start=\"574\" data-end=\"588\">Alergenai:<\/strong> pienas, aguonos.<br data-start=\"605\" data-end=\"608\" \/><strong data-start=\"608\" data-end=\"628\">Laikymo s\u0105lygos:<\/strong> laikyti sausoje ir v\u0117sioje vietoje.<\/p>\n<p class=\"\" data-start=\"666\" data-end=\"880\"><strong data-start=\"666\" data-end=\"691\">Uztura v\u0113rt\u012bba 100 g:<\/strong><br data-start=\"691\" data-end=\"694\" \/>Energija: 1671 kJ \/ 396 kcal<br data-start=\"722\" data-end=\"725\" \/>Riebalai: 8,9 g (i\u0161 j\u0173 so\u010di\u0173j\u0173 riebal\u0173 r\u016bg\u0161\u010di\u0173: 5,8 g)<br data-start=\"779\" data-end=\"782\" \/>Og\u013chidr\u0101ti: 76 g (no tiem cukuri: 63 g)<br data-start=\"823\" data-end=\"826\" \/>Baltymai: 2,9 g<br data-start=\"841\" data-end=\"844\" \/>S\u0101ls: 0,10 g<\/p>","protected":false},"excerpt":{"rendered":"<p>Tradicinio skonio lietuvi\u0161kas saldainis \u2013 \u0161velni, rank\u0173 darbo karvut\u0117 su aguonomis.<\/p>","protected":false},"featured_media":6692,"comment_status":"open","ping_status":"closed","template":"","meta":{"site-sidebar-layout":"default","site-content-layout":"default","ast-site-content-layout":"default","site-content-style":"default","site-sidebar-style":"default","ast-global-header-display":"","ast-banner-title-visibility":"","ast-main-header-display":"","ast-hfb-above-header-display":"","ast-hfb-below-header-display":"","ast-hfb-mobile-header-display":"","site-post-title":"","ast-breadcrumbs-content":"","ast-featured-img":"","footer-sml-layout":"","theme-transparent-header-meta":"default","adv-header-id-meta":"","stick-header-meta":"","header-above-stick-meta":"","header-main-stick-meta":"","header-below-stick-meta":"","astra-migrate-meta-layouts":"set","ast-page-background-enabled":"default","ast-page-background-meta":{"desktop":{"background-color":"","background-image":"","background-repeat":"repeat","background-position":"center center","background-size":"auto","background-attachment":"scroll","background-type":"","background-media":"","overlay-type":"","overlay-color":"","overlay-opacity":"","overlay-gradient":""},"tablet":{"background-color":"","background-image":"","background-repeat":"repeat","background-position":"center center","background-size":"auto","background-attachment":"scroll","background-type":"","background-media":"","overlay-type":"","overlay-color":"","overlay-opacity":"","overlay-gradient":""},"mobile":{"background-color":"","background-image":"","background-repeat":"repeat","background-position":"center center","background-size":"auto","background-attachment":"scroll","background-type":"","background-media":"","overlay-type":"","overlay-color":"","overlay-opacity":"","overlay-gradient":""}},"ast-content-background-meta":{"desktop":{"background-color":"var(--ast-global-color-5)","background-image":"","background-repeat":"repeat","background-position":"center center","background-size":"auto","background-attachment":"scroll","background-type":"","background-media":"","overlay-type":"","overlay-color":"","overlay-opacity":"","overlay-gradient":""},"tablet":{"background-color":"var(--ast-global-color-5)","background-image":"","background-repeat":"repeat","background-position":"center center","background-size":"auto","background-attachment":"scroll","background-type":"","background-media":"","overlay-type":"","overlay-color":"","overlay-opacity":"","overlay-gradient":""},"mobile":{"background-color":"var(--ast-global-color-5)","background-image":"","background-repeat":"repeat","background-position":"center center","background-size":"auto","background-attachment":"scroll","background-type":"","background-media":"","overlay-type":"","overlay-color":"","overlay-opacity":"","overlay-gradient":""}}},"product_brand":[],"product_cat":[49,34],"product_tag":[],"class_list":{"0":"post-167","1":"product","2":"type-product","3":"status-publish","4":"has-post-thumbnail","6":"product_cat-klasika","7":"product_cat-saldainiai","8":"desktop-align-center","9":"tablet-align-center","10":"mobile-align-center","11":"ast-product-gallery-layout-horizontal","12":"ast-product-gallery-with-no-image","13":"ast-product-single-variable","14":"ast-product-tabs-layout-horizontal","15":"ast-qv-on-image","17":"first","18":"instock","19":"sale","20":"featured","21":"shipping-taxable","22":"purchasable","23":"product-type-variable"},"_links":{"self":[{"href":"https:\/\/karvuteasorti.lt\/lv\/wp-json\/wp\/v2\/product\/167","targetHints":{"allow":["GET"]}}],"collection":[{"href":"https:\/\/karvuteasorti.lt\/lv\/wp-json\/wp\/v2\/product"}],"about":[{"href":"https:\/\/karvuteasorti.lt\/lv\/wp-json\/wp\/v2\/types\/product"}],"replies":[{"embeddable":true,"href":"https:\/\/karvuteasorti.lt\/lv\/wp-json\/wp\/v2\/comments?post=167"}],"wp:featuredmedia":[{"embeddable":true,"href":"https:\/\/karvuteasorti.lt\/lv\/wp-json\/wp\/v2\/media\/6692"}],"wp:attachment":[{"href":"https:\/\/karvuteasorti.lt\/lv\/wp-json\/wp\/v2\/media?parent=167"}],"wp:term":[{"taxonomy":"product_brand","embeddable":true,"href":"https:\/\/karvuteasorti.lt\/lv\/wp-json\/wp\/v2\/product_brand?post=167"},{"taxonomy":"product_cat","embeddable":true,"href":"https:\/\/karvuteasorti.lt\/lv\/wp-json\/wp\/v2\/product_cat?post=167"},{"taxonomy":"product_tag","embeddable":true,"href":"https:\/\/karvuteasorti.lt\/lv\/wp-json\/wp\/v2\/product_tag?post=167"}],"curies":[{"name":"wp","href":"https:\/\/api.w.org\/{rel}","templated":true}]}}