{"id":168,"date":"2025-05-06T12:39:38","date_gmt":"2025-05-06T12:39:38","guid":{"rendered":"https:\/\/karvuteasorti.lt\/product\/assorted-coffee\/"},"modified":"2025-10-16T20:52:05","modified_gmt":"2025-10-16T17:52:05","slug":"kakavos-sypsena","status":"publish","type":"product","link":"https:\/\/karvuteasorti.lt\/lv\/product\/kakavos-sypsena\/","title":{"rendered":"Kakavos \u0161ypsena"},"content":{"rendered":"<p data-start=\"248\" data-end=\"607\"><strong>Karvut\u0117 \u201eKakavos \u0161ypsena\u201c<\/strong><\/p>\n<p class=\"\" data-start=\"248\" data-end=\"607\">\u0160velnus ir malonus lietuvi\u0161kas saldainis su tikra <strong data-start=\"298\" data-end=\"315\">oland\u0173 kakava<\/strong>, suteikiantis sald\u017eiam karamel\u0117s skoniui gil\u0173, sodr\u0173 kakavos poskon\u012f. Kakavos skonis ne tik atskleid\u017eia sald\u017ei\u0173j\u0173 karamel\u0117s nat\u0173 gyl\u012f, bet ir sukuria subtil\u0173 \u0161okoladin\u012f akcent\u0105. Gaminama naudojant tik tikr\u0105 sviest\u0105 ir nenugriebto pieno miltelius, be palmi\u0173 aliejaus ir be prid\u0117tin\u0117s druskos.<\/p>\n<p class=\"\" data-start=\"609\" data-end=\"742\"><strong data-start=\"609\" data-end=\"621\">Sud\u0117tis:<\/strong> cukrus, gliukoz\u0117s sirupas, nenugriebto pieno milteliai (11\u202f%), sviestas (i\u0161 pieno), kakavos milteliai (2,2\u202f%), aromatas.<\/p>\n<p class=\"\" data-start=\"744\" data-end=\"833\"><strong data-start=\"744\" data-end=\"758\">Alergenai:<\/strong> pienas, kakava.<br data-start=\"774\" data-end=\"777\" \/><strong data-start=\"777\" data-end=\"797\">Laikymo s\u0105lygos:<\/strong> laikyti sausoje ir v\u0117sioje vietoje.<\/p>\n<p class=\"\" data-start=\"835\" data-end=\"1027\"><strong data-start=\"835\" data-end=\"860\">Uztura v\u0113rt\u012bba 100 g:<\/strong><br data-start=\"860\" data-end=\"863\" \/>Energija: 1670 kJ \/ 395 kcal<br data-start=\"891\" data-end=\"894\" \/>Riebalai: 8,2 g (i\u0161 j\u0173 so\u010di\u0173j\u0173 riebal\u0173 r\u016bg\u0161\u010di\u0173: 5,0 g)<br data-start=\"948\" data-end=\"951\" \/>Angliavandeniai: 77 g (i\u0161 j\u0173 cukr\u0173: 65 g)<br data-start=\"992\" data-end=\"995\" \/>Baltymai: 3,4 g<br data-start=\"1010\" data-end=\"1013\" \/>S\u0101ls: 0,10 g<\/p>","protected":false},"excerpt":{"rendered":"<p>\u0160velnus ir malonus lietuvi\u0161kas saldainis su tikra <strong data-start=\"298\" data-end=\"315\">oland\u0173 kakava<\/strong><\/p>","protected":false},"featured_media":6694,"comment_status":"open","ping_status":"closed","template":"","meta":{"site-sidebar-layout":"default","site-content-layout":"default","ast-site-content-layout":"default","site-content-style":"default","site-sidebar-style":"default","ast-global-header-display":"","ast-banner-title-visibility":"","ast-main-header-display":"","ast-hfb-above-header-display":"","ast-hfb-below-header-display":"","ast-hfb-mobile-header-display":"","site-post-title":"","ast-breadcrumbs-content":"","ast-featured-img":"","footer-sml-layout":"","theme-transparent-header-meta":"default","adv-header-id-meta":"","stick-header-meta":"","header-above-stick-meta":"","header-main-stick-meta":"","header-below-stick-meta":"","astra-migrate-meta-layouts":"set","ast-page-background-enabled":"default","ast-page-background-meta":{"desktop":{"background-color":"","background-image":"","background-repeat":"repeat","background-position":"center center","background-size":"auto","background-attachment":"scroll","background-type":"","background-media":"","overlay-type":"","overlay-color":"","overlay-opacity":"","overlay-gradient":""},"tablet":{"background-color":"","background-image":"","background-repeat":"repeat","background-position":"center center","background-size":"auto","background-attachment":"scroll","background-type":"","background-media":"","overlay-type":"","overlay-color":"","overlay-opacity":"","overlay-gradient":""},"mobile":{"background-color":"","background-image":"","background-repeat":"repeat","background-position":"center center","background-size":"auto","background-attachment":"scroll","background-type":"","background-media":"","overlay-type":"","overlay-color":"","overlay-opacity":"","overlay-gradient":""}},"ast-content-background-meta":{"desktop":{"background-color":"var(--ast-global-color-5)","background-image":"","background-repeat":"repeat","background-position":"center center","background-size":"auto","background-attachment":"scroll","background-type":"","background-media":"","overlay-type":"","overlay-color":"","overlay-opacity":"","overlay-gradient":""},"tablet":{"background-color":"var(--ast-global-color-5)","background-image":"","background-repeat":"repeat","background-position":"center center","background-size":"auto","background-attachment":"scroll","background-type":"","background-media":"","overlay-type":"","overlay-color":"","overlay-opacity":"","overlay-gradient":""},"mobile":{"background-color":"var(--ast-global-color-5)","background-image":"","background-repeat":"repeat","background-position":"center center","background-size":"auto","background-attachment":"scroll","background-type":"","background-media":"","overlay-type":"","overlay-color":"","overlay-opacity":"","overlay-gradient":""}}},"product_brand":[],"product_cat":[49,34],"product_tag":[],"class_list":{"0":"post-168","1":"product","2":"type-product","3":"status-publish","4":"has-post-thumbnail","6":"product_cat-klasika","7":"product_cat-saldainiai","8":"desktop-align-center","9":"tablet-align-center","10":"mobile-align-center","11":"ast-product-gallery-layout-horizontal","12":"ast-product-gallery-with-no-image","13":"ast-product-single-variable","14":"ast-product-tabs-layout-horizontal","15":"ast-qv-on-image","17":"first","18":"instock","19":"sale","20":"featured","21":"shipping-taxable","22":"purchasable","23":"product-type-variable"},"_links":{"self":[{"href":"https:\/\/karvuteasorti.lt\/lv\/wp-json\/wp\/v2\/product\/168","targetHints":{"allow":["GET"]}}],"collection":[{"href":"https:\/\/karvuteasorti.lt\/lv\/wp-json\/wp\/v2\/product"}],"about":[{"href":"https:\/\/karvuteasorti.lt\/lv\/wp-json\/wp\/v2\/types\/product"}],"replies":[{"embeddable":true,"href":"https:\/\/karvuteasorti.lt\/lv\/wp-json\/wp\/v2\/comments?post=168"}],"wp:featuredmedia":[{"embeddable":true,"href":"https:\/\/karvuteasorti.lt\/lv\/wp-json\/wp\/v2\/media\/6694"}],"wp:attachment":[{"href":"https:\/\/karvuteasorti.lt\/lv\/wp-json\/wp\/v2\/media?parent=168"}],"wp:term":[{"taxonomy":"product_brand","embeddable":true,"href":"https:\/\/karvuteasorti.lt\/lv\/wp-json\/wp\/v2\/product_brand?post=168"},{"taxonomy":"product_cat","embeddable":true,"href":"https:\/\/karvuteasorti.lt\/lv\/wp-json\/wp\/v2\/product_cat?post=168"},{"taxonomy":"product_tag","embeddable":true,"href":"https:\/\/karvuteasorti.lt\/lv\/wp-json\/wp\/v2\/product_tag?post=168"}],"curies":[{"name":"wp","href":"https:\/\/api.w.org\/{rel}","templated":true}]}}