{"id":170,"date":"2025-05-06T12:39:38","date_gmt":"2025-05-06T12:39:38","guid":{"rendered":"https:\/\/karvuteasorti.lt\/product\/natural-extracted-olive-oil\/"},"modified":"2026-04-15T15:54:49","modified_gmt":"2026-04-15T12:54:49","slug":"rytinekava","status":"publish","type":"product","link":"https:\/\/karvuteasorti.lt\/lv\/product\/rytinekava\/","title":{"rendered":"Rytin\u0117 kava karvut\u0117"},"content":{"rendered":"<p class=\"\" data-start=\"236\" data-end=\"595\"><strong>Karvut\u0117 \u201eRytin\u0117 kava\u201c<\/strong><\/p>\n<p class=\"\" data-start=\"236\" data-end=\"595\">Tai saldus ir energingas lietuvi\u0161kas saldainis su tikra <strong data-start=\"292\" data-end=\"309\">arabikos kava<\/strong>, suteikiantis malon\u0173 kavos skon\u012f ir \u0161veln\u0173 karamel\u0117s poskon\u012f. Subtili kavos aromato nata puikiai dera su sald\u017eiu karamel\u0117s skoniu, suteikdama \u0161\u012f saldumyn\u0105 ypating\u0105 \u017eaves\u012f. Gaminama naudojant tik tikr\u0105 sviest\u0105 ir nenugriebto pieno miltelius, be palmi\u0173 aliejaus ir be prid\u0117tin\u0117s druskos.<\/p>\n<p class=\"\" data-start=\"597\" data-end=\"732\"><strong data-start=\"597\" data-end=\"609\">Sud\u0117tis:<\/strong> cukrus, gliukoz\u0117s sirupas, nenugriebto pieno milteliai (11\u202f%), sviestas (i\u0161 pieno), maltos arabikos kavos (2\u202f%), aromatas.<\/p>\n<p class=\"\" data-start=\"734\" data-end=\"821\"><strong data-start=\"734\" data-end=\"748\">Alergenai:<\/strong> pienas, kava.<br data-start=\"762\" data-end=\"765\" \/><strong data-start=\"765\" data-end=\"785\">Laikymo s\u0105lygos:<\/strong> laikyti sausoje ir v\u0117sioje vietoje.<\/p>\n<p class=\"\" data-start=\"823\" data-end=\"1037\"><strong data-start=\"823\" data-end=\"848\">Uztura v\u0113rt\u012bba 100 g:<\/strong><br data-start=\"848\" data-end=\"851\" \/>Energija: 1643 kJ \/ 389 kcal<br data-start=\"879\" data-end=\"882\" \/>Riebalai: 7,7 g (i\u0161 j\u0173 so\u010di\u0173j\u0173 riebal\u0173 r\u016bg\u0161\u010di\u0173: 4,7 g)<br data-start=\"936\" data-end=\"939\" \/>Angliavandeniai: 77 g (i\u0161 j\u0173 cukr\u0173: 65 g)<br data-start=\"980\" data-end=\"983\" \/>Baltymai: 2,9 g<br data-start=\"998\" data-end=\"1001\" \/>S\u0101ls: 0,10 g<\/p>","protected":false},"excerpt":{"rendered":"<p>Tai saldus ir energingas lietuvi\u0161kas saldainis su tikra <strong data-start=\"292\" data-end=\"309\">arabikos kava.<\/strong><\/p>","protected":false},"featured_media":6696,"comment_status":"open","ping_status":"closed","template":"","meta":{"site-sidebar-layout":"default","site-content-layout":"default","ast-site-content-layout":"default","site-content-style":"default","site-sidebar-style":"default","ast-global-header-display":"","ast-banner-title-visibility":"","ast-main-header-display":"","ast-hfb-above-header-display":"","ast-hfb-below-header-display":"","ast-hfb-mobile-header-display":"","site-post-title":"","ast-breadcrumbs-content":"","ast-featured-img":"","footer-sml-layout":"","theme-transparent-header-meta":"default","adv-header-id-meta":"","stick-header-meta":"","header-above-stick-meta":"","header-main-stick-meta":"","header-below-stick-meta":"","astra-migrate-meta-layouts":"set","ast-page-background-enabled":"default","ast-page-background-meta":{"desktop":{"background-color":"","background-image":"","background-repeat":"repeat","background-position":"center center","background-size":"auto","background-attachment":"scroll","background-type":"","background-media":"","overlay-type":"","overlay-color":"","overlay-opacity":"","overlay-gradient":""},"tablet":{"background-color":"","background-image":"","background-repeat":"repeat","background-position":"center center","background-size":"auto","background-attachment":"scroll","background-type":"","background-media":"","overlay-type":"","overlay-color":"","overlay-opacity":"","overlay-gradient":""},"mobile":{"background-color":"","background-image":"","background-repeat":"repeat","background-position":"center center","background-size":"auto","background-attachment":"scroll","background-type":"","background-media":"","overlay-type":"","overlay-color":"","overlay-opacity":"","overlay-gradient":""}},"ast-content-background-meta":{"desktop":{"background-color":"var(--ast-global-color-5)","background-image":"","background-repeat":"repeat","background-position":"center center","background-size":"auto","background-attachment":"scroll","background-type":"","background-media":"","overlay-type":"","overlay-color":"","overlay-opacity":"","overlay-gradient":""},"tablet":{"background-color":"var(--ast-global-color-5)","background-image":"","background-repeat":"repeat","background-position":"center center","background-size":"auto","background-attachment":"scroll","background-type":"","background-media":"","overlay-type":"","overlay-color":"","overlay-opacity":"","overlay-gradient":""},"mobile":{"background-color":"var(--ast-global-color-5)","background-image":"","background-repeat":"repeat","background-position":"center center","background-size":"auto","background-attachment":"scroll","background-type":"","background-media":"","overlay-type":"","overlay-color":"","overlay-opacity":"","overlay-gradient":""}}},"product_brand":[],"product_cat":[49,50,34],"product_tag":[],"class_list":{"0":"post-170","1":"product","2":"type-product","3":"status-publish","4":"has-post-thumbnail","6":"product_cat-klasika","7":"product_cat-naujiena","8":"product_cat-saldainiai","9":"desktop-align-center","10":"tablet-align-center","11":"mobile-align-center","12":"ast-product-gallery-layout-horizontal","13":"ast-product-gallery-with-no-image","14":"ast-product-single-variable","15":"ast-product-tabs-layout-horizontal","16":"ast-qv-on-image","18":"first","19":"instock","20":"sale","21":"featured","22":"shipping-taxable","23":"purchasable","24":"product-type-variable"},"_links":{"self":[{"href":"https:\/\/karvuteasorti.lt\/lv\/wp-json\/wp\/v2\/product\/170","targetHints":{"allow":["GET"]}}],"collection":[{"href":"https:\/\/karvuteasorti.lt\/lv\/wp-json\/wp\/v2\/product"}],"about":[{"href":"https:\/\/karvuteasorti.lt\/lv\/wp-json\/wp\/v2\/types\/product"}],"replies":[{"embeddable":true,"href":"https:\/\/karvuteasorti.lt\/lv\/wp-json\/wp\/v2\/comments?post=170"}],"wp:featuredmedia":[{"embeddable":true,"href":"https:\/\/karvuteasorti.lt\/lv\/wp-json\/wp\/v2\/media\/6696"}],"wp:attachment":[{"href":"https:\/\/karvuteasorti.lt\/lv\/wp-json\/wp\/v2\/media?parent=170"}],"wp:term":[{"taxonomy":"product_brand","embeddable":true,"href":"https:\/\/karvuteasorti.lt\/lv\/wp-json\/wp\/v2\/product_brand?post=170"},{"taxonomy":"product_cat","embeddable":true,"href":"https:\/\/karvuteasorti.lt\/lv\/wp-json\/wp\/v2\/product_cat?post=170"},{"taxonomy":"product_tag","embeddable":true,"href":"https:\/\/karvuteasorti.lt\/lv\/wp-json\/wp\/v2\/product_tag?post=170"}],"curies":[{"name":"wp","href":"https:\/\/api.w.org\/{rel}","templated":true}]}}