{"id":171,"date":"2025-05-06T12:39:38","date_gmt":"2025-05-06T12:39:38","guid":{"rendered":"https:\/\/karvuteasorti.lt\/product\/fresh-organic-honey\/"},"modified":"2026-04-15T15:57:18","modified_gmt":"2026-04-15T12:57:18","slug":"cili-sokoladas","status":"publish","type":"product","link":"https:\/\/karvuteasorti.lt\/lv\/product\/cili-sokoladas\/","title":{"rendered":"\u010cili \u0161okoladas karvut\u0117"},"content":{"rendered":"<p data-start=\"162\" data-end=\"494\"><strong>Karvut\u0117 \u201e\u010cili \u0161okoladas\u201c<\/strong><\/p>\n<p class=\"\" data-start=\"162\" data-end=\"494\">Rank\u0173 darbo lietuvi\u0161kas saldainis su netik\u0117tu charakteriu \u2013 klasikin\u0117s karamel\u0117s \u0161velnumas, tamsaus \u0161okolado gylis ir vos juntamas \u010dili a\u0161trumas. \u0160is skonio derinys su\u0161ildo ir stebina \u2013 tikriems smali\u017eiams su nuotyki\u0173 dvasia! Pagaminta be palmi\u0173 aliejaus ir be prid\u0117tin\u0117s druskos, tik i\u0161 tikro sviesto ir nenugriebto pieno milteli\u0173.<\/p>\n<p class=\"\" data-start=\"496\" data-end=\"668\"><strong data-start=\"496\" data-end=\"508\">Sud\u0117tis:<\/strong> cukrus, gliukoz\u0117s sirupas, nenugriebto pieno milteliai (11\u202f%), sviestas (i\u0161 pieno), kakavos milteliai, \u0161okoladas (1\u202f%), \u010dili pipirai (0,3\u202f%), kakavos aromatas.<\/p>\n<p class=\"\" data-start=\"670\" data-end=\"751\"><strong data-start=\"670\" data-end=\"684\">Alergenai:<\/strong> pienas.<br data-start=\"692\" data-end=\"695\" \/><strong data-start=\"695\" data-end=\"715\">Laikymo s\u0105lygos:<\/strong> laikyti sausoje ir v\u0117sioje vietoje.<\/p>\n<p class=\"\" data-start=\"753\" data-end=\"967\"><strong data-start=\"753\" data-end=\"778\">Uztura v\u0113rt\u012bba 100 g:<\/strong><br data-start=\"778\" data-end=\"781\" \/>Energija: 1655 kJ \/ 392 kcal<br data-start=\"809\" data-end=\"812\" \/>Riebalai: 8,3 g (i\u0161 j\u0173 so\u010di\u0173j\u0173 riebal\u0173 r\u016bg\u0161\u010di\u0173: 5,0 g)<br data-start=\"866\" data-end=\"869\" \/>Angliavandeniai: 76 g (i\u0161 j\u0173 cukr\u0173: 64 g)<br data-start=\"910\" data-end=\"913\" \/>Baltymai: 3,3 g<br data-start=\"928\" data-end=\"931\" \/>S\u0101ls: 0,10 g<\/p>","protected":false},"excerpt":{"rendered":"<p>Rank\u0173 darbo lietuvi\u0161kas saldainis su netik\u0117tu charakteriu \u2013 klasikin\u0117s karamel\u0117s \u0161velnumas, tamsaus \u0161okolado gylis ir vos juntamas \u010dili a\u0161trumas.<\/p>","protected":false},"featured_media":6730,"comment_status":"open","ping_status":"closed","template":"","meta":{"site-sidebar-layout":"default","site-content-layout":"default","ast-site-content-layout":"default","site-content-style":"default","site-sidebar-style":"default","ast-global-header-display":"","ast-banner-title-visibility":"","ast-main-header-display":"","ast-hfb-above-header-display":"","ast-hfb-below-header-display":"","ast-hfb-mobile-header-display":"","site-post-title":"","ast-breadcrumbs-content":"","ast-featured-img":"","footer-sml-layout":"","theme-transparent-header-meta":"default","adv-header-id-meta":"","stick-header-meta":"","header-above-stick-meta":"","header-main-stick-meta":"","header-below-stick-meta":"","astra-migrate-meta-layouts":"set","ast-page-background-enabled":"default","ast-page-background-meta":{"desktop":{"background-color":"","background-image":"","background-repeat":"repeat","background-position":"center center","background-size":"auto","background-attachment":"scroll","background-type":"","background-media":"","overlay-type":"","overlay-color":"","overlay-opacity":"","overlay-gradient":""},"tablet":{"background-color":"","background-image":"","background-repeat":"repeat","background-position":"center center","background-size":"auto","background-attachment":"scroll","background-type":"","background-media":"","overlay-type":"","overlay-color":"","overlay-opacity":"","overlay-gradient":""},"mobile":{"background-color":"","background-image":"","background-repeat":"repeat","background-position":"center center","background-size":"auto","background-attachment":"scroll","background-type":"","background-media":"","overlay-type":"","overlay-color":"","overlay-opacity":"","overlay-gradient":""}},"ast-content-background-meta":{"desktop":{"background-color":"var(--ast-global-color-5)","background-image":"","background-repeat":"repeat","background-position":"center center","background-size":"auto","background-attachment":"scroll","background-type":"","background-media":"","overlay-type":"","overlay-color":"","overlay-opacity":"","overlay-gradient":""},"tablet":{"background-color":"var(--ast-global-color-5)","background-image":"","background-repeat":"repeat","background-position":"center center","background-size":"auto","background-attachment":"scroll","background-type":"","background-media":"","overlay-type":"","overlay-color":"","overlay-opacity":"","overlay-gradient":""},"mobile":{"background-color":"var(--ast-global-color-5)","background-image":"","background-repeat":"repeat","background-position":"center center","background-size":"auto","background-attachment":"scroll","background-type":"","background-media":"","overlay-type":"","overlay-color":"","overlay-opacity":"","overlay-gradient":""}}},"product_brand":[],"product_cat":[49,34],"product_tag":[],"class_list":{"0":"post-171","1":"product","2":"type-product","3":"status-publish","4":"has-post-thumbnail","6":"product_cat-klasika","7":"product_cat-saldainiai","8":"desktop-align-center","9":"tablet-align-center","10":"mobile-align-center","11":"ast-product-gallery-layout-horizontal","12":"ast-product-gallery-with-no-image","13":"ast-product-single-variable","14":"ast-product-tabs-layout-horizontal","15":"ast-qv-on-image","17":"first","18":"instock","19":"sale","20":"featured","21":"shipping-taxable","22":"purchasable","23":"product-type-variable"},"_links":{"self":[{"href":"https:\/\/karvuteasorti.lt\/lv\/wp-json\/wp\/v2\/product\/171","targetHints":{"allow":["GET"]}}],"collection":[{"href":"https:\/\/karvuteasorti.lt\/lv\/wp-json\/wp\/v2\/product"}],"about":[{"href":"https:\/\/karvuteasorti.lt\/lv\/wp-json\/wp\/v2\/types\/product"}],"replies":[{"embeddable":true,"href":"https:\/\/karvuteasorti.lt\/lv\/wp-json\/wp\/v2\/comments?post=171"}],"wp:featuredmedia":[{"embeddable":true,"href":"https:\/\/karvuteasorti.lt\/lv\/wp-json\/wp\/v2\/media\/6730"}],"wp:attachment":[{"href":"https:\/\/karvuteasorti.lt\/lv\/wp-json\/wp\/v2\/media?parent=171"}],"wp:term":[{"taxonomy":"product_brand","embeddable":true,"href":"https:\/\/karvuteasorti.lt\/lv\/wp-json\/wp\/v2\/product_brand?post=171"},{"taxonomy":"product_cat","embeddable":true,"href":"https:\/\/karvuteasorti.lt\/lv\/wp-json\/wp\/v2\/product_cat?post=171"},{"taxonomy":"product_tag","embeddable":true,"href":"https:\/\/karvuteasorti.lt\/lv\/wp-json\/wp\/v2\/product_tag?post=171"}],"curies":[{"name":"wp","href":"https:\/\/api.w.org\/{rel}","templated":true}]}}