{"id":241,"date":"2025-05-06T12:39:38","date_gmt":"2025-05-06T12:39:38","guid":{"rendered":"https:\/\/karvuteasorti.lt\/product\/hand-sanitizer\/"},"modified":"2025-11-14T16:38:13","modified_gmt":"2025-11-14T13:38:13","slug":"slyvu-pasaka","status":"publish","type":"product","link":"https:\/\/karvuteasorti.lt\/lv\/product\/slyvu-pasaka\/","title":{"rendered":"Slyv\u0173 pasaka karvut\u0117"},"content":{"rendered":"<p class=\"\" data-start=\"152\" data-end=\"472\"><strong>Karvut\u0117 \u201eSlyv\u0173 pasaka\u201c<\/strong><\/p>\n<p class=\"\" data-start=\"152\" data-end=\"472\">I\u0161skirtinio skonio rank\u0173 darbo saldainis su d\u017eiovintomis slyvomis ir \u0161okolado u\u017euomina. D\u017eiovinta slyva, \u0161velni karamel\u0117 ir subtilus kakavos prisilietimas susijungia \u012f harmoning\u0105 skonio trio. \u0160okoladin\u0117 nata \u0161iems saldainiams suteikia sodrumo, bet i\u0161lieka lengvi ir \u0161veln\u016bs \u2013 kaip tik tai, ko reikia sald\u017eiam sustojimui dienoje. Be palmi\u0173 aliejaus ir be prid\u0117tin\u0117s druskos \u2013 tik tikri, kokybi\u0161ki ingredientai.<\/p>\n<p class=\"\" data-start=\"474\" data-end=\"811\"><strong data-start=\"474\" data-end=\"486\">Sud\u0117tis:<\/strong> cukrus, gliukoz\u0117s sirupas, nenugriebto pieno milteliai, d\u017eiovintos slyvos 6\u202f% (slyvos, konservantas: kalio sorbatas, saul\u0117gr\u0105\u017e\u0173 aliejus), sviestas (i\u0161 pieno), \u0161okoladas (saldiklis: maltitolis, kakavos mas\u0117, kakavos sviestas, emulsikliai: raps\u0173 lecitinas, poliglicerolio poliricinoleatas), suma\u017einto riebumo kakava, aromatas.<\/p>\n<p class=\"\" data-start=\"813\" data-end=\"921\"><strong data-start=\"813\" data-end=\"827\">Alergenai:<\/strong> pienas, gali b\u016bti rie\u0161ut\u0173 p\u0117dsak\u0173.<br data-start=\"862\" data-end=\"865\" \/><strong data-start=\"865\" data-end=\"885\">Laikymo s\u0105lygos:<\/strong> laikyti sausoje ir v\u0117sioje vietoje.<\/p>\n<p class=\"\" data-start=\"923\" data-end=\"1137\"><strong data-start=\"923\" data-end=\"948\">Uztura v\u0113rt\u012bba 100 g:<\/strong><br data-start=\"948\" data-end=\"951\" \/>Energija: 1622 kJ \/ 384 kcal<br data-start=\"979\" data-end=\"982\" \/>Riebalai: 8,0 g (i\u0161 j\u0173 so\u010di\u0173j\u0173 riebal\u0173 r\u016bg\u0161\u010di\u0173: 4,9 g)<br data-start=\"1036\" data-end=\"1039\" \/>Angliavandeniai: 75 g (i\u0161 j\u0173 cukr\u0173: 61 g)<br data-start=\"1080\" data-end=\"1083\" \/>Baltymai: 3,0 g<br data-start=\"1098\" data-end=\"1101\" \/>Druska: 0,09 g<\/p>","protected":false},"excerpt":{"rendered":"<p>Rank\u0173 darbo saldainis su d\u017eiovintomis slyvomis ir \u0161okolado u\u017euomina.<\/p>","protected":false},"featured_media":6687,"comment_status":"open","ping_status":"closed","template":"","meta":{"site-sidebar-layout":"default","site-content-layout":"default","ast-site-content-layout":"default","site-content-style":"default","site-sidebar-style":"default","ast-global-header-display":"","ast-banner-title-visibility":"","ast-main-header-display":"","ast-hfb-above-header-display":"","ast-hfb-below-header-display":"","ast-hfb-mobile-header-display":"","site-post-title":"","ast-breadcrumbs-content":"","ast-featured-img":"","footer-sml-layout":"","theme-transparent-header-meta":"default","adv-header-id-meta":"","stick-header-meta":"","header-above-stick-meta":"","header-main-stick-meta":"","header-below-stick-meta":"","astra-migrate-meta-layouts":"set","ast-page-background-enabled":"default","ast-page-background-meta":{"desktop":{"background-color":"","background-image":"","background-repeat":"repeat","background-position":"center center","background-size":"auto","background-attachment":"scroll","background-type":"","background-media":"","overlay-type":"","overlay-color":"","overlay-opacity":"","overlay-gradient":""},"tablet":{"background-color":"","background-image":"","background-repeat":"repeat","background-position":"center center","background-size":"auto","background-attachment":"scroll","background-type":"","background-media":"","overlay-type":"","overlay-color":"","overlay-opacity":"","overlay-gradient":""},"mobile":{"background-color":"","background-image":"","background-repeat":"repeat","background-position":"center center","background-size":"auto","background-attachment":"scroll","background-type":"","background-media":"","overlay-type":"","overlay-color":"","overlay-opacity":"","overlay-gradient":""}},"ast-content-background-meta":{"desktop":{"background-color":"var(--ast-global-color-5)","background-image":"","background-repeat":"repeat","background-position":"center center","background-size":"auto","background-attachment":"scroll","background-type":"","background-media":"","overlay-type":"","overlay-color":"","overlay-opacity":"","overlay-gradient":""},"tablet":{"background-color":"var(--ast-global-color-5)","background-image":"","background-repeat":"repeat","background-position":"center center","background-size":"auto","background-attachment":"scroll","background-type":"","background-media":"","overlay-type":"","overlay-color":"","overlay-opacity":"","overlay-gradient":""},"mobile":{"background-color":"var(--ast-global-color-5)","background-image":"","background-repeat":"repeat","background-position":"center center","background-size":"auto","background-attachment":"scroll","background-type":"","background-media":"","overlay-type":"","overlay-color":"","overlay-opacity":"","overlay-gradient":""}}},"product_brand":[],"product_cat":[49,34],"product_tag":[],"class_list":{"0":"post-241","1":"product","2":"type-product","3":"status-publish","4":"has-post-thumbnail","6":"product_cat-klasika","7":"product_cat-saldainiai","8":"desktop-align-center","9":"tablet-align-center","10":"mobile-align-center","11":"ast-product-gallery-layout-horizontal","12":"ast-product-gallery-with-no-image","13":"ast-product-single-variable","14":"ast-product-tabs-layout-horizontal","15":"ast-qv-on-image","17":"first","18":"instock","19":"sale","20":"shipping-taxable","21":"purchasable","22":"product-type-variable"},"_links":{"self":[{"href":"https:\/\/karvuteasorti.lt\/lv\/wp-json\/wp\/v2\/product\/241","targetHints":{"allow":["GET"]}}],"collection":[{"href":"https:\/\/karvuteasorti.lt\/lv\/wp-json\/wp\/v2\/product"}],"about":[{"href":"https:\/\/karvuteasorti.lt\/lv\/wp-json\/wp\/v2\/types\/product"}],"replies":[{"embeddable":true,"href":"https:\/\/karvuteasorti.lt\/lv\/wp-json\/wp\/v2\/comments?post=241"}],"wp:featuredmedia":[{"embeddable":true,"href":"https:\/\/karvuteasorti.lt\/lv\/wp-json\/wp\/v2\/media\/6687"}],"wp:attachment":[{"href":"https:\/\/karvuteasorti.lt\/lv\/wp-json\/wp\/v2\/media?parent=241"}],"wp:term":[{"taxonomy":"product_brand","embeddable":true,"href":"https:\/\/karvuteasorti.lt\/lv\/wp-json\/wp\/v2\/product_brand?post=241"},{"taxonomy":"product_cat","embeddable":true,"href":"https:\/\/karvuteasorti.lt\/lv\/wp-json\/wp\/v2\/product_cat?post=241"},{"taxonomy":"product_tag","embeddable":true,"href":"https:\/\/karvuteasorti.lt\/lv\/wp-json\/wp\/v2\/product_tag?post=241"}],"curies":[{"name":"wp","href":"https:\/\/api.w.org\/{rel}","templated":true}]}}