{"id":5502,"date":"2025-05-22T15:42:21","date_gmt":"2025-05-22T15:42:21","guid":{"rendered":"https:\/\/karvuteasorti.lt\/?post_type=product&#038;p=5502"},"modified":"2026-02-23T17:43:25","modified_gmt":"2026-02-23T14:43:25","slug":"avietinis-debeselis","status":"publish","type":"product","link":"https:\/\/karvuteasorti.lt\/lv\/product\/avietinis-debeselis\/","title":{"rendered":"Avietinis debes\u0117lis karvut\u0117"},"content":{"rendered":"<p class=\"\" data-start=\"180\" data-end=\"444\"><strong>\u201eAvietinis debes\u0117lis\u201c<\/strong><\/p>\n<p class=\"\" data-start=\"180\" data-end=\"444\">Lengvo, vaisinio skonio rank\u0173 darbo karamelinis saldainis su aviet\u0117mis. Subtiliai rausvas tonas ir \u0161velnus uog\u0173 poskonis, lengvas tarsi debes\u0117lis karamel\u0117s k\u0105snelis, pagardintas aviet\u0117mis ir subtiliu nat\u016braliu aromatu. Tikri ingredientai, be palmi\u0173 aliejaus, be prid\u0117tin\u0117s druskos.<\/p>\n<p class=\"\" data-start=\"446\" data-end=\"779\"><strong data-start=\"446\" data-end=\"458\">Sud\u0117tis:<\/strong>\u00a0cukrus, gliukoz\u0117s sirupas, nenugriebto pieno milteliai (11\u202f%), sviestas (i\u0161 pieno), koncentruota avie\u010di\u0173 vaisi\u0173 pasta (0,6\u202f%) (aviet\u0117s (60\u202f%), cukrus, juod\u0173j\u0173 mork\u0173 sul\u010di\u0173 koncentratas, r\u016bg\u0161tingum\u0105 reguliuojanti med\u017eiaga (citrin\u0173 r\u016bg\u0161tis), aromatas, citrusini\u0173 vaisi\u0173 skaidulos, konservantas (kalio sorbatas)), aromatas.<\/p>\n<p class=\"\" data-start=\"781\" data-end=\"862\"><strong data-start=\"781\" data-end=\"795\">Alergenai:<\/strong>\u00a0pienas.<br data-start=\"803\" data-end=\"806\" \/><strong data-start=\"806\" data-end=\"826\">Laikymo s\u0105lygos:<\/strong>\u00a0laikyti sausoje ir v\u0117sioje vietoje.<\/p>\n<p class=\"\" data-start=\"864\" data-end=\"1078\"><strong data-start=\"864\" data-end=\"889\">Uztura v\u0113rt\u012bba 100 g:<\/strong><br data-start=\"889\" data-end=\"892\" \/>Energija: 1660 kJ \/ 393 kcal<br data-start=\"920\" data-end=\"923\" \/>Riebalai: 7,7 g (i\u0161 j\u0173 so\u010di\u0173j\u0173 riebal\u0173 r\u016bg\u0161\u010di\u0173: 4,6 g)<br data-start=\"977\" data-end=\"980\" \/>Angliavandeniai: 78 g (i\u0161 j\u0173 cukr\u0173: 64 g)<br data-start=\"1021\" data-end=\"1024\" \/>Baltymai: 2,9 g<br data-start=\"1039\" data-end=\"1042\" \/>S\u0101ls: 0,10 g<\/p>","protected":false},"excerpt":{"rendered":"<p>Lengvo, vaisinio skonio rank\u0173 darbo karamelinis saldainis su aviet\u0117mis.<\/p>","protected":false},"featured_media":6693,"comment_status":"open","ping_status":"closed","template":"","meta":{"site-sidebar-layout":"default","site-content-layout":"","ast-site-content-layout":"default","site-content-style":"default","site-sidebar-style":"default","ast-global-header-display":"","ast-banner-title-visibility":"","ast-main-header-display":"","ast-hfb-above-header-display":"","ast-hfb-below-header-display":"","ast-hfb-mobile-header-display":"","site-post-title":"","ast-breadcrumbs-content":"","ast-featured-img":"","footer-sml-layout":"","theme-transparent-header-meta":"default","adv-header-id-meta":"","stick-header-meta":"","header-above-stick-meta":"","header-main-stick-meta":"","header-below-stick-meta":"","astra-migrate-meta-layouts":"set","ast-page-background-enabled":"default","ast-page-background-meta":{"desktop":{"background-color":"","background-image":"","background-repeat":"repeat","background-position":"center center","background-size":"auto","background-attachment":"scroll","background-type":"","background-media":"","overlay-type":"","overlay-color":"","overlay-opacity":"","overlay-gradient":""},"tablet":{"background-color":"","background-image":"","background-repeat":"repeat","background-position":"center center","background-size":"auto","background-attachment":"scroll","background-type":"","background-media":"","overlay-type":"","overlay-color":"","overlay-opacity":"","overlay-gradient":""},"mobile":{"background-color":"","background-image":"","background-repeat":"repeat","background-position":"center center","background-size":"auto","background-attachment":"scroll","background-type":"","background-media":"","overlay-type":"","overlay-color":"","overlay-opacity":"","overlay-gradient":""}},"ast-content-background-meta":{"desktop":{"background-color":"var(--ast-global-color-5)","background-image":"","background-repeat":"repeat","background-position":"center center","background-size":"auto","background-attachment":"scroll","background-type":"","background-media":"","overlay-type":"","overlay-color":"","overlay-opacity":"","overlay-gradient":""},"tablet":{"background-color":"var(--ast-global-color-5)","background-image":"","background-repeat":"repeat","background-position":"center center","background-size":"auto","background-attachment":"scroll","background-type":"","background-media":"","overlay-type":"","overlay-color":"","overlay-opacity":"","overlay-gradient":""},"mobile":{"background-color":"var(--ast-global-color-5)","background-image":"","background-repeat":"repeat","background-position":"center center","background-size":"auto","background-attachment":"scroll","background-type":"","background-media":"","overlay-type":"","overlay-color":"","overlay-opacity":"","overlay-gradient":""}}},"product_brand":[],"product_cat":[49,34],"product_tag":[],"class_list":{"0":"post-5502","1":"product","2":"type-product","3":"status-publish","4":"has-post-thumbnail","6":"product_cat-klasika","7":"product_cat-saldainiai","8":"desktop-align-center","9":"tablet-align-center","10":"mobile-align-center","11":"ast-product-gallery-layout-horizontal","12":"ast-product-gallery-with-no-image","13":"ast-product-single-variable","14":"ast-product-tabs-layout-horizontal","15":"ast-qv-on-image","17":"first","18":"instock","19":"sale","20":"shipping-taxable","21":"purchasable","22":"product-type-variable"},"_links":{"self":[{"href":"https:\/\/karvuteasorti.lt\/lv\/wp-json\/wp\/v2\/product\/5502","targetHints":{"allow":["GET"]}}],"collection":[{"href":"https:\/\/karvuteasorti.lt\/lv\/wp-json\/wp\/v2\/product"}],"about":[{"href":"https:\/\/karvuteasorti.lt\/lv\/wp-json\/wp\/v2\/types\/product"}],"replies":[{"embeddable":true,"href":"https:\/\/karvuteasorti.lt\/lv\/wp-json\/wp\/v2\/comments?post=5502"}],"wp:featuredmedia":[{"embeddable":true,"href":"https:\/\/karvuteasorti.lt\/lv\/wp-json\/wp\/v2\/media\/6693"}],"wp:attachment":[{"href":"https:\/\/karvuteasorti.lt\/lv\/wp-json\/wp\/v2\/media?parent=5502"}],"wp:term":[{"taxonomy":"product_brand","embeddable":true,"href":"https:\/\/karvuteasorti.lt\/lv\/wp-json\/wp\/v2\/product_brand?post=5502"},{"taxonomy":"product_cat","embeddable":true,"href":"https:\/\/karvuteasorti.lt\/lv\/wp-json\/wp\/v2\/product_cat?post=5502"},{"taxonomy":"product_tag","embeddable":true,"href":"https:\/\/karvuteasorti.lt\/lv\/wp-json\/wp\/v2\/product_tag?post=5502"}],"curies":[{"name":"wp","href":"https:\/\/api.w.org\/{rel}","templated":true}]}}