{"id":5518,"date":"2025-05-22T15:53:11","date_gmt":"2025-05-22T15:53:11","guid":{"rendered":"https:\/\/karvuteasorti.lt\/?post_type=product&#038;p=5518"},"modified":"2026-04-15T15:57:12","modified_gmt":"2026-04-15T12:57:12","slug":"kanapiu-sapnas","status":"publish","type":"product","link":"https:\/\/karvuteasorti.lt\/lv\/product\/kanapiu-sapnas\/","title":{"rendered":"Karvut\u0117 saldainiai su kanapi\u0173 s\u0117klomis"},"content":{"rendered":"<p class=\"\" data-start=\"153\" data-end=\"437\">\u0160velnaus skonio rank\u0173 darbo karamelinis saldainis su pluo\u0161tini\u0173 kanapi\u0173 s\u0117klomis. J\u0173 rie\u0161utinis skonis subtiliai papildo tradicin\u0119 karamel\u0117s tekst\u016br\u0105. Tikri ingredientai, be palmi\u0173 aliejaus, be prid\u0117tin\u0117s druskos.<\/p>\n<p class=\"\" data-start=\"439\" data-end=\"590\"><strong data-start=\"439\" data-end=\"451\">Sud\u0117tis:<\/strong> cukrus, gliukoz\u0117s sirupas, nenugriebto pieno milteliai (11\u202f%), sviestas (i\u0161 pieno), pluo\u0161tini\u0173 kanapi\u0173 s\u0117klos, grietin\u0117l\u0117s aromatas.<\/p>\n<p class=\"\" data-start=\"592\" data-end=\"689\"><strong data-start=\"592\" data-end=\"606\">Alergenai:<\/strong>\u00a0pienas, kanapi\u0173 s\u0117klos.<br data-start=\"630\" data-end=\"633\" \/><strong data-start=\"633\" data-end=\"653\">Laikymo s\u0105lygos:<\/strong>\u00a0laikyti sausoje ir v\u0117sioje vietoje.<\/p>\n<p class=\"\" data-start=\"691\" data-end=\"905\"><strong data-start=\"691\" data-end=\"716\">Uztura v\u0113rt\u012bba 100 g:<\/strong><br data-start=\"716\" data-end=\"719\" \/>Ener\u0123ija: 1693 kJ \/ 401 kcal<br data-start=\"747\" data-end=\"750\" \/>Tauki: 9,1 g (no tiem pies\u0101tin\u0101t\u0101s tauksk\u0101bes: 4,7 g)<br data-start=\"804\" data-end=\"807\" \/>Og\u013chidr\u0101ti: 76 g (no tiem cukuri: 63 g)<br data-start=\"848\" data-end=\"851\" \/>Olbaltumvielas: 3,8 g<br data-start=\"866\" data-end=\"869\" \/>S\u0101ls: 0,10 g<\/p>","protected":false},"excerpt":{"rendered":"<p>\u0160velnaus skonio rank\u0173 darbo karamelinis saldainis su pluo\u0161tini\u0173 kanapi\u0173 s\u0117klomis.<\/p>","protected":false},"featured_media":7418,"comment_status":"open","ping_status":"closed","template":"","meta":{"site-sidebar-layout":"default","site-content-layout":"","ast-site-content-layout":"default","site-content-style":"default","site-sidebar-style":"default","ast-global-header-display":"","ast-banner-title-visibility":"","ast-main-header-display":"","ast-hfb-above-header-display":"","ast-hfb-below-header-display":"","ast-hfb-mobile-header-display":"","site-post-title":"","ast-breadcrumbs-content":"","ast-featured-img":"","footer-sml-layout":"","theme-transparent-header-meta":"default","adv-header-id-meta":"","stick-header-meta":"","header-above-stick-meta":"","header-main-stick-meta":"","header-below-stick-meta":"","astra-migrate-meta-layouts":"set","ast-page-background-enabled":"default","ast-page-background-meta":{"desktop":{"background-color":"","background-image":"","background-repeat":"repeat","background-position":"center center","background-size":"auto","background-attachment":"scroll","background-type":"","background-media":"","overlay-type":"","overlay-color":"","overlay-opacity":"","overlay-gradient":""},"tablet":{"background-color":"","background-image":"","background-repeat":"repeat","background-position":"center center","background-size":"auto","background-attachment":"scroll","background-type":"","background-media":"","overlay-type":"","overlay-color":"","overlay-opacity":"","overlay-gradient":""},"mobile":{"background-color":"","background-image":"","background-repeat":"repeat","background-position":"center center","background-size":"auto","background-attachment":"scroll","background-type":"","background-media":"","overlay-type":"","overlay-color":"","overlay-opacity":"","overlay-gradient":""}},"ast-content-background-meta":{"desktop":{"background-color":"var(--ast-global-color-5)","background-image":"","background-repeat":"repeat","background-position":"center center","background-size":"auto","background-attachment":"scroll","background-type":"","background-media":"","overlay-type":"","overlay-color":"","overlay-opacity":"","overlay-gradient":""},"tablet":{"background-color":"var(--ast-global-color-5)","background-image":"","background-repeat":"repeat","background-position":"center center","background-size":"auto","background-attachment":"scroll","background-type":"","background-media":"","overlay-type":"","overlay-color":"","overlay-opacity":"","overlay-gradient":""},"mobile":{"background-color":"var(--ast-global-color-5)","background-image":"","background-repeat":"repeat","background-position":"center center","background-size":"auto","background-attachment":"scroll","background-type":"","background-media":"","overlay-type":"","overlay-color":"","overlay-opacity":"","overlay-gradient":""}}},"product_brand":[],"product_cat":[49,34],"product_tag":[],"class_list":{"0":"post-5518","1":"product","2":"type-product","3":"status-publish","4":"has-post-thumbnail","6":"product_cat-klasika","7":"product_cat-saldainiai","8":"desktop-align-center","9":"tablet-align-center","10":"mobile-align-center","11":"ast-product-gallery-layout-horizontal","12":"ast-product-gallery-with-no-image","13":"ast-product-single-variable","14":"ast-product-tabs-layout-horizontal","15":"ast-qv-on-image","17":"first","18":"instock","19":"sale","20":"featured","21":"shipping-taxable","22":"purchasable","23":"product-type-variable"},"_links":{"self":[{"href":"https:\/\/karvuteasorti.lt\/lv\/wp-json\/wp\/v2\/product\/5518","targetHints":{"allow":["GET"]}}],"collection":[{"href":"https:\/\/karvuteasorti.lt\/lv\/wp-json\/wp\/v2\/product"}],"about":[{"href":"https:\/\/karvuteasorti.lt\/lv\/wp-json\/wp\/v2\/types\/product"}],"replies":[{"embeddable":true,"href":"https:\/\/karvuteasorti.lt\/lv\/wp-json\/wp\/v2\/comments?post=5518"}],"wp:featuredmedia":[{"embeddable":true,"href":"https:\/\/karvuteasorti.lt\/lv\/wp-json\/wp\/v2\/media\/7418"}],"wp:attachment":[{"href":"https:\/\/karvuteasorti.lt\/lv\/wp-json\/wp\/v2\/media?parent=5518"}],"wp:term":[{"taxonomy":"product_brand","embeddable":true,"href":"https:\/\/karvuteasorti.lt\/lv\/wp-json\/wp\/v2\/product_brand?post=5518"},{"taxonomy":"product_cat","embeddable":true,"href":"https:\/\/karvuteasorti.lt\/lv\/wp-json\/wp\/v2\/product_cat?post=5518"},{"taxonomy":"product_tag","embeddable":true,"href":"https:\/\/karvuteasorti.lt\/lv\/wp-json\/wp\/v2\/product_tag?post=5518"}],"curies":[{"name":"wp","href":"https:\/\/api.w.org\/{rel}","templated":true}]}}