{"id":5715,"date":"2025-05-28T19:17:59","date_gmt":"2025-05-28T16:17:59","guid":{"rendered":"https:\/\/karvuteasorti.lt\/?post_type=product&#038;p=5715"},"modified":"2025-10-30T19:52:26","modified_gmt":"2025-10-30T16:52:26","slug":"karvute-asorti","status":"publish","type":"product","link":"https:\/\/karvuteasorti.lt\/lv\/product\/karvute-asorti\/","title":{"rendered":"Karvut\u0117 asorti"},"content":{"rendered":"<p>Ne\u017einai kokius saldainius pasirinkti? I\u0161bandyk &#8222;karvut\u0117 asorti&#8221; ir atrask m\u0117gstamiausius skonius. Asorti sudaro:<br \/>\nAguon\u0173 laukas,<br \/>\nS\u016bdyta karam\u0117l\u0117,<br \/>\nKakavos \u0161ypsena,<br \/>\n\u010cilli ir \u0161okoladas,<br \/>\nSlyv\u0173 pasaka,<br \/>\nDangi\u0161kas kokosas,<br \/>\nAvietinis debes\u0117lis,<br \/>\nBra\u0161ki\u0173 bu\u010dinys,<br \/>\nKanapi\u0173 sapnas.<\/p>","protected":false},"excerpt":{"rendered":"<p>Ne\u017einai kokius saldainius pasirinkti? I\u0161bandyk &#8222;karvut\u0117 asorti&#8221; ir atrask m\u0117gstamiausius skonius.<br \/>\nAsorti sudaro klasikiniai skoniai:Aguon\u0173 laukas,<br \/>\nS\u016bdyta karam\u0117l\u0117,<br \/>\nKakavos \u0161ypsena,<br \/>\n\u010cilli ir \u0161okoladas,<br \/>\nSlyv\u0173 pasaka,<br \/>\nDangi\u0161kas kokosas,<br \/>\nAvietinis debes\u0117lis,<br \/>\nBra\u0161ki\u0173 bu\u010dinys,<br \/>\nKanapi\u0173 sapnas.<\/p>\n<p>&nbsp;<\/p>\n<p>&nbsp;<\/p>","protected":false},"featured_media":6450,"comment_status":"open","ping_status":"closed","template":"","meta":{"site-sidebar-layout":"default","site-content-layout":"","ast-site-content-layout":"default","site-content-style":"default","site-sidebar-style":"default","ast-global-header-display":"","ast-banner-title-visibility":"","ast-main-header-display":"","ast-hfb-above-header-display":"","ast-hfb-below-header-display":"","ast-hfb-mobile-header-display":"","site-post-title":"","ast-breadcrumbs-content":"","ast-featured-img":"","footer-sml-layout":"","theme-transparent-header-meta":"default","adv-header-id-meta":"","stick-header-meta":"","header-above-stick-meta":"","header-main-stick-meta":"","header-below-stick-meta":"","astra-migrate-meta-layouts":"set","ast-page-background-enabled":"default","ast-page-background-meta":{"desktop":{"background-color":"","background-image":"","background-repeat":"repeat","background-position":"center center","background-size":"auto","background-attachment":"scroll","background-type":"","background-media":"","overlay-type":"","overlay-color":"","overlay-opacity":"","overlay-gradient":""},"tablet":{"background-color":"","background-image":"","background-repeat":"repeat","background-position":"center center","background-size":"auto","background-attachment":"scroll","background-type":"","background-media":"","overlay-type":"","overlay-color":"","overlay-opacity":"","overlay-gradient":""},"mobile":{"background-color":"","background-image":"","background-repeat":"repeat","background-position":"center center","background-size":"auto","background-attachment":"scroll","background-type":"","background-media":"","overlay-type":"","overlay-color":"","overlay-opacity":"","overlay-gradient":""}},"ast-content-background-meta":{"desktop":{"background-color":"var(--ast-global-color-5)","background-image":"","background-repeat":"repeat","background-position":"center center","background-size":"auto","background-attachment":"scroll","background-type":"","background-media":"","overlay-type":"","overlay-color":"","overlay-opacity":"","overlay-gradient":""},"tablet":{"background-color":"var(--ast-global-color-5)","background-image":"","background-repeat":"repeat","background-position":"center center","background-size":"auto","background-attachment":"scroll","background-type":"","background-media":"","overlay-type":"","overlay-color":"","overlay-opacity":"","overlay-gradient":""},"mobile":{"background-color":"var(--ast-global-color-5)","background-image":"","background-repeat":"repeat","background-position":"center center","background-size":"auto","background-attachment":"scroll","background-type":"","background-media":"","overlay-type":"","overlay-color":"","overlay-opacity":"","overlay-gradient":""}}},"product_brand":[],"product_cat":[49,34],"product_tag":[],"class_list":{"0":"post-5715","1":"product","2":"type-product","3":"status-publish","4":"has-post-thumbnail","6":"product_cat-klasika","7":"product_cat-saldainiai","8":"desktop-align-center","9":"tablet-align-center","10":"mobile-align-center","11":"ast-product-gallery-layout-horizontal","12":"ast-product-single-variable","13":"ast-product-tabs-layout-horizontal","14":"ast-qv-on-image","16":"first","17":"instock","18":"sale","19":"shipping-taxable","20":"purchasable","21":"product-type-variable"},"_links":{"self":[{"href":"https:\/\/karvuteasorti.lt\/lv\/wp-json\/wp\/v2\/product\/5715","targetHints":{"allow":["GET"]}}],"collection":[{"href":"https:\/\/karvuteasorti.lt\/lv\/wp-json\/wp\/v2\/product"}],"about":[{"href":"https:\/\/karvuteasorti.lt\/lv\/wp-json\/wp\/v2\/types\/product"}],"replies":[{"embeddable":true,"href":"https:\/\/karvuteasorti.lt\/lv\/wp-json\/wp\/v2\/comments?post=5715"}],"wp:featuredmedia":[{"embeddable":true,"href":"https:\/\/karvuteasorti.lt\/lv\/wp-json\/wp\/v2\/media\/6450"}],"wp:attachment":[{"href":"https:\/\/karvuteasorti.lt\/lv\/wp-json\/wp\/v2\/media?parent=5715"}],"wp:term":[{"taxonomy":"product_brand","embeddable":true,"href":"https:\/\/karvuteasorti.lt\/lv\/wp-json\/wp\/v2\/product_brand?post=5715"},{"taxonomy":"product_cat","embeddable":true,"href":"https:\/\/karvuteasorti.lt\/lv\/wp-json\/wp\/v2\/product_cat?post=5715"},{"taxonomy":"product_tag","embeddable":true,"href":"https:\/\/karvuteasorti.lt\/lv\/wp-json\/wp\/v2\/product_tag?post=5715"}],"curies":[{"name":"wp","href":"https:\/\/api.w.org\/{rel}","templated":true}]}}