{"id":6496,"date":"2025-09-24T17:19:22","date_gmt":"2025-09-24T14:19:22","guid":{"rendered":"https:\/\/karvuteasorti.lt\/?post_type=product&#038;p=6496"},"modified":"2025-11-14T16:31:07","modified_gmt":"2025-11-14T13:31:07","slug":"apynelis","status":"publish","type":"product","link":"https:\/\/karvuteasorti.lt\/lv\/product\/apynelis\/","title":{"rendered":"Apyn\u0117lis karvut\u0117"},"content":{"rendered":"<p class=\"\" data-start=\"153\" data-end=\"437\"><strong>\u201eApyn\u0117lis\u201c<\/strong><\/p>\n<p class=\"\" data-start=\"153\" data-end=\"437\">Rank\u0173 darbo karamelinis saldainis su apyniais \u2013 netik\u0117tas ir subtilus skonio atradimas. Apyniai \u0161velniai papildo sald\u017ei\u0105 karamel\u0117s tekst\u016br\u0105, suteikdami malon\u0173 ir gaiv\u0173 skon\u012f. Tikri ingredientai, be palmi\u0173 aliejaus, be prid\u0117tin\u0117s druskos.<\/p>\n<p class=\"\" data-start=\"439\" data-end=\"590\"><strong data-start=\"439\" data-end=\"451\">Sud\u0117tis:<\/strong> cukrus, gliukoz\u0117s sirupas, nenugriebto pieno milteliai (11\u202f%), sviestas (i\u0161 pieno)<\/p>\n<p class=\"\" data-start=\"439\" data-end=\"590\"><strong data-start=\"633\" data-end=\"653\">Laikymo s\u0105lygos:<\/strong>\u00a0laikyti sausoje ir v\u0117sioje vietoje.<\/p>\n<p class=\"\" data-start=\"691\" data-end=\"905\"><strong data-start=\"691\" data-end=\"716\">Uztura v\u0113rt\u012bba 100 g:<\/strong><br data-start=\"716\" data-end=\"719\" \/>Ener\u0123ija: 1693 kJ \/ 401 kcal<br data-start=\"747\" data-end=\"750\" \/>Tauki: 9,1 g (no tiem pies\u0101tin\u0101t\u0101s tauksk\u0101bes: 4,7 g)<br data-start=\"804\" data-end=\"807\" \/>Og\u013chidr\u0101ti: 76 g (no tiem cukuri: 63 g)<br data-start=\"848\" data-end=\"851\" \/>Olbaltumvielas: 3,8 g<br data-start=\"866\" data-end=\"869\" \/>S\u0101ls: 0,10 g<\/p>","protected":false},"excerpt":{"rendered":"<p>Rank\u0173 darbo karamelinis saldainis su apyniais \u2013 netik\u0117tas ir subtilus skonio atradimas.<\/p>","protected":false},"featured_media":6645,"comment_status":"open","ping_status":"closed","template":"","meta":{"site-sidebar-layout":"default","site-content-layout":"","ast-site-content-layout":"default","site-content-style":"default","site-sidebar-style":"default","ast-global-header-display":"","ast-banner-title-visibility":"","ast-main-header-display":"","ast-hfb-above-header-display":"","ast-hfb-below-header-display":"","ast-hfb-mobile-header-display":"","site-post-title":"","ast-breadcrumbs-content":"","ast-featured-img":"","footer-sml-layout":"","theme-transparent-header-meta":"default","adv-header-id-meta":"","stick-header-meta":"","header-above-stick-meta":"","header-main-stick-meta":"","header-below-stick-meta":"","astra-migrate-meta-layouts":"set","ast-page-background-enabled":"default","ast-page-background-meta":{"desktop":{"background-color":"","background-image":"","background-repeat":"repeat","background-position":"center center","background-size":"auto","background-attachment":"scroll","background-type":"","background-media":"","overlay-type":"","overlay-color":"","overlay-opacity":"","overlay-gradient":""},"tablet":{"background-color":"","background-image":"","background-repeat":"repeat","background-position":"center center","background-size":"auto","background-attachment":"scroll","background-type":"","background-media":"","overlay-type":"","overlay-color":"","overlay-opacity":"","overlay-gradient":""},"mobile":{"background-color":"","background-image":"","background-repeat":"repeat","background-position":"center center","background-size":"auto","background-attachment":"scroll","background-type":"","background-media":"","overlay-type":"","overlay-color":"","overlay-opacity":"","overlay-gradient":""}},"ast-content-background-meta":{"desktop":{"background-color":"var(--ast-global-color-5)","background-image":"","background-repeat":"repeat","background-position":"center center","background-size":"auto","background-attachment":"scroll","background-type":"","background-media":"","overlay-type":"","overlay-color":"","overlay-opacity":"","overlay-gradient":""},"tablet":{"background-color":"var(--ast-global-color-5)","background-image":"","background-repeat":"repeat","background-position":"center center","background-size":"auto","background-attachment":"scroll","background-type":"","background-media":"","overlay-type":"","overlay-color":"","overlay-opacity":"","overlay-gradient":""},"mobile":{"background-color":"var(--ast-global-color-5)","background-image":"","background-repeat":"repeat","background-position":"center center","background-size":"auto","background-attachment":"scroll","background-type":"","background-media":"","overlay-type":"","overlay-color":"","overlay-opacity":"","overlay-gradient":""}}},"product_brand":[],"product_cat":[34,52],"product_tag":[],"class_list":{"0":"post-6496","1":"product","2":"type-product","3":"status-publish","4":"has-post-thumbnail","6":"product_cat-saldainiai","7":"product_cat-zaisminga-karvute","8":"desktop-align-center","9":"tablet-align-center","10":"mobile-align-center","11":"ast-product-gallery-layout-horizontal","12":"ast-product-single-variable","13":"ast-product-tabs-layout-horizontal","14":"ast-qv-on-image","16":"first","17":"instock","18":"sale","19":"shipping-taxable","20":"purchasable","21":"product-type-variable"},"_links":{"self":[{"href":"https:\/\/karvuteasorti.lt\/lv\/wp-json\/wp\/v2\/product\/6496","targetHints":{"allow":["GET"]}}],"collection":[{"href":"https:\/\/karvuteasorti.lt\/lv\/wp-json\/wp\/v2\/product"}],"about":[{"href":"https:\/\/karvuteasorti.lt\/lv\/wp-json\/wp\/v2\/types\/product"}],"replies":[{"embeddable":true,"href":"https:\/\/karvuteasorti.lt\/lv\/wp-json\/wp\/v2\/comments?post=6496"}],"wp:featuredmedia":[{"embeddable":true,"href":"https:\/\/karvuteasorti.lt\/lv\/wp-json\/wp\/v2\/media\/6645"}],"wp:attachment":[{"href":"https:\/\/karvuteasorti.lt\/lv\/wp-json\/wp\/v2\/media?parent=6496"}],"wp:term":[{"taxonomy":"product_brand","embeddable":true,"href":"https:\/\/karvuteasorti.lt\/lv\/wp-json\/wp\/v2\/product_brand?post=6496"},{"taxonomy":"product_cat","embeddable":true,"href":"https:\/\/karvuteasorti.lt\/lv\/wp-json\/wp\/v2\/product_cat?post=6496"},{"taxonomy":"product_tag","embeddable":true,"href":"https:\/\/karvuteasorti.lt\/lv\/wp-json\/wp\/v2\/product_tag?post=6496"}],"curies":[{"name":"wp","href":"https:\/\/api.w.org\/{rel}","templated":true}]}}