{"id":6591,"date":"2025-09-26T20:09:52","date_gmt":"2025-09-26T17:09:52","guid":{"rendered":"https:\/\/karvuteasorti.lt\/?post_type=product&#038;p=6591"},"modified":"2026-04-07T16:27:54","modified_gmt":"2026-04-07T13:27:54","slug":"advokat","status":"publish","type":"product","link":"https:\/\/karvuteasorti.lt\/lv\/product\/advokat\/","title":{"rendered":"Karvut\u0117 su advokato skoniu"},"content":{"rendered":"<p class=\"\" data-start=\"153\" data-end=\"437\"><strong>\u201eAdvokat\u201c<\/strong><br \/>\nRank\u0173 darbo karamelinis saldainis su \u0161velniu advokato aromatu \u2013 sodrus ir i\u0161rai\u0161kingas derinys. Advokatas subtiliai papildo karamel\u0117s tekst\u016br\u0105, suteikdamas kremi\u0161kai sald\u0173, ilgai i\u0161liekant\u012f skon\u012f. Nat\u016bral\u016bs ingredientai, be palmi\u0173 aliejaus, be prid\u0117tin\u0117s druskos.<br \/>\nSud\u0117tis: cukrus, gliukoz\u0117s sirupas, nenugriebto pieno milteliai (11\u202f%), sviestas (i\u0161 pieno).<\/p>\n<p class=\"\" data-start=\"153\" data-end=\"437\">Uzglab\u0101\u0161anas nosac\u012bjumi: uzglab\u0101t saus\u0101 un v\u0113s\u0101 viet\u0101.<\/p>\n<p class=\"\" data-start=\"153\" data-end=\"437\">Uztura v\u0113rt\u012bba 100 g:<br \/>\nEner\u0123ija: 1693 kJ \/ 401 kcal<br \/>\nTauki: 9,1 g (no tiem pies\u0101tin\u0101t\u0101s tauksk\u0101bes: 4,7 g)<br \/>\nOg\u013chidr\u0101ti: 76 g (no tiem cukuri: 63 g)<br \/>\nOlbaltumvielas: 3,8 g<br \/>\nS\u0101ls: 0,10 g<\/p>\n<p data-start=\"153\" data-end=\"437\">Saldaini\u0173 sud\u0117tyje n\u0117ra alkoholio.<\/p>","protected":false},"excerpt":{"rendered":"<p>Rank\u0173 darbo karamelinis saldainis su \u0161velniu &#8222;advocaat&#8221; likerio aromatu \u2013 sodrus ir i\u0161rai\u0161kingas derinys.<\/p>","protected":false},"featured_media":6647,"comment_status":"open","ping_status":"closed","template":"","meta":{"site-sidebar-layout":"default","site-content-layout":"","ast-site-content-layout":"default","site-content-style":"default","site-sidebar-style":"default","ast-global-header-display":"","ast-banner-title-visibility":"","ast-main-header-display":"","ast-hfb-above-header-display":"","ast-hfb-below-header-display":"","ast-hfb-mobile-header-display":"","site-post-title":"","ast-breadcrumbs-content":"","ast-featured-img":"","footer-sml-layout":"","theme-transparent-header-meta":"default","adv-header-id-meta":"","stick-header-meta":"","header-above-stick-meta":"","header-main-stick-meta":"","header-below-stick-meta":"","astra-migrate-meta-layouts":"set","ast-page-background-enabled":"default","ast-page-background-meta":{"desktop":{"background-color":"","background-image":"","background-repeat":"repeat","background-position":"center center","background-size":"auto","background-attachment":"scroll","background-type":"","background-media":"","overlay-type":"","overlay-color":"","overlay-opacity":"","overlay-gradient":""},"tablet":{"background-color":"","background-image":"","background-repeat":"repeat","background-position":"center center","background-size":"auto","background-attachment":"scroll","background-type":"","background-media":"","overlay-type":"","overlay-color":"","overlay-opacity":"","overlay-gradient":""},"mobile":{"background-color":"","background-image":"","background-repeat":"repeat","background-position":"center center","background-size":"auto","background-attachment":"scroll","background-type":"","background-media":"","overlay-type":"","overlay-color":"","overlay-opacity":"","overlay-gradient":""}},"ast-content-background-meta":{"desktop":{"background-color":"var(--ast-global-color-5)","background-image":"","background-repeat":"repeat","background-position":"center center","background-size":"auto","background-attachment":"scroll","background-type":"","background-media":"","overlay-type":"","overlay-color":"","overlay-opacity":"","overlay-gradient":""},"tablet":{"background-color":"var(--ast-global-color-5)","background-image":"","background-repeat":"repeat","background-position":"center center","background-size":"auto","background-attachment":"scroll","background-type":"","background-media":"","overlay-type":"","overlay-color":"","overlay-opacity":"","overlay-gradient":""},"mobile":{"background-color":"var(--ast-global-color-5)","background-image":"","background-repeat":"repeat","background-position":"center center","background-size":"auto","background-attachment":"scroll","background-type":"","background-media":"","overlay-type":"","overlay-color":"","overlay-opacity":"","overlay-gradient":""}}},"product_brand":[],"product_cat":[50,34,52],"product_tag":[],"class_list":{"0":"post-6591","1":"product","2":"type-product","3":"status-publish","4":"has-post-thumbnail","6":"product_cat-naujiena","7":"product_cat-saldainiai","8":"product_cat-zaisminga-karvute","9":"desktop-align-center","10":"tablet-align-center","11":"mobile-align-center","12":"ast-product-gallery-layout-horizontal","13":"ast-product-single-variable","14":"ast-product-tabs-layout-horizontal","15":"ast-qv-on-image","17":"first","18":"instock","19":"sale","20":"shipping-taxable","21":"purchasable","22":"product-type-variable"},"_links":{"self":[{"href":"https:\/\/karvuteasorti.lt\/lv\/wp-json\/wp\/v2\/product\/6591","targetHints":{"allow":["GET"]}}],"collection":[{"href":"https:\/\/karvuteasorti.lt\/lv\/wp-json\/wp\/v2\/product"}],"about":[{"href":"https:\/\/karvuteasorti.lt\/lv\/wp-json\/wp\/v2\/types\/product"}],"replies":[{"embeddable":true,"href":"https:\/\/karvuteasorti.lt\/lv\/wp-json\/wp\/v2\/comments?post=6591"}],"wp:featuredmedia":[{"embeddable":true,"href":"https:\/\/karvuteasorti.lt\/lv\/wp-json\/wp\/v2\/media\/6647"}],"wp:attachment":[{"href":"https:\/\/karvuteasorti.lt\/lv\/wp-json\/wp\/v2\/media?parent=6591"}],"wp:term":[{"taxonomy":"product_brand","embeddable":true,"href":"https:\/\/karvuteasorti.lt\/lv\/wp-json\/wp\/v2\/product_brand?post=6591"},{"taxonomy":"product_cat","embeddable":true,"href":"https:\/\/karvuteasorti.lt\/lv\/wp-json\/wp\/v2\/product_cat?post=6591"},{"taxonomy":"product_tag","embeddable":true,"href":"https:\/\/karvuteasorti.lt\/lv\/wp-json\/wp\/v2\/product_tag?post=6591"}],"curies":[{"name":"wp","href":"https:\/\/api.w.org\/{rel}","templated":true}]}}