{"id":6604,"date":"2025-09-26T20:31:29","date_gmt":"2025-09-26T17:31:29","guid":{"rendered":"https:\/\/karvuteasorti.lt\/?post_type=product&#038;p=6604"},"modified":"2025-12-02T20:56:46","modified_gmt":"2025-12-02T17:56:46","slug":"matcha-latte","status":"publish","type":"product","link":"https:\/\/karvuteasorti.lt\/lv\/product\/matcha-latte\/","title":{"rendered":"Matcha Latte karvut\u0117"},"content":{"rendered":"<p class=\"\" data-start=\"153\" data-end=\"437\"><strong>\u201eMatcha Latte\u201c<\/strong><\/p>\n<p class=\"\" data-start=\"153\" data-end=\"437\">Rank\u0173 darbo karamelinis saldainis su \u0161velniu matcha arbatos skoniu \u2013 subtilus, modernus ir i\u0161skirtinai jaukus derinys. Matcha nat\u016braliai papildo sald\u017ei\u0105 karamel\u0117s tekst\u016br\u0105, suteikdama \u0161velnios kremin\u0117s gaivos ir rytieti\u0161ko aromato sluoksn\u012f. Nat\u016bral\u016bs ingredientai, be palmi\u0173 aliejaus, be prid\u0117tin\u0117s druskos.<\/p>\n<p class=\"\" data-start=\"153\" data-end=\"437\">Sud\u0117tis: cukrus, gliukoz\u0117s sirupas, nenugriebto pieno milteliai (11\u202f%), sviestas (i\u0161 pieno).<br \/>\nUzglab\u0101\u0161anas nosac\u012bjumi: uzglab\u0101t saus\u0101 un v\u0113s\u0101 viet\u0101.<\/p>\n<p class=\"\" data-start=\"153\" data-end=\"437\">Uztura v\u0113rt\u012bba 100 g:<br \/>\nEner\u0123ija: 1693 kJ \/ 401 kcal<br \/>\nTauki: 9,1 g (no tiem pies\u0101tin\u0101t\u0101s tauksk\u0101bes: 4,7 g)<br \/>\nOg\u013chidr\u0101ti: 76 g (no tiem cukuri: 63 g)<br \/>\nOlbaltumvielas: 3,8 g<br \/>\nS\u0101ls: 0,10 g<\/p>","protected":false},"excerpt":{"rendered":"<p>Matcha nat\u016braliai papildo sald\u017ei\u0105 karamel\u0117s tekst\u016br\u0105, suteikdama \u0161velnios kremin\u0117s gaivos ir rytieti\u0161ko aromato sluoksn\u012f.<\/p>","protected":false},"featured_media":6662,"comment_status":"open","ping_status":"closed","template":"","meta":{"site-sidebar-layout":"default","site-content-layout":"","ast-site-content-layout":"default","site-content-style":"default","site-sidebar-style":"default","ast-global-header-display":"","ast-banner-title-visibility":"","ast-main-header-display":"","ast-hfb-above-header-display":"","ast-hfb-below-header-display":"","ast-hfb-mobile-header-display":"","site-post-title":"","ast-breadcrumbs-content":"","ast-featured-img":"","footer-sml-layout":"","theme-transparent-header-meta":"default","adv-header-id-meta":"","stick-header-meta":"","header-above-stick-meta":"","header-main-stick-meta":"","header-below-stick-meta":"","astra-migrate-meta-layouts":"set","ast-page-background-enabled":"default","ast-page-background-meta":{"desktop":{"background-color":"","background-image":"","background-repeat":"repeat","background-position":"center center","background-size":"auto","background-attachment":"scroll","background-type":"","background-media":"","overlay-type":"","overlay-color":"","overlay-opacity":"","overlay-gradient":""},"tablet":{"background-color":"","background-image":"","background-repeat":"repeat","background-position":"center center","background-size":"auto","background-attachment":"scroll","background-type":"","background-media":"","overlay-type":"","overlay-color":"","overlay-opacity":"","overlay-gradient":""},"mobile":{"background-color":"","background-image":"","background-repeat":"repeat","background-position":"center center","background-size":"auto","background-attachment":"scroll","background-type":"","background-media":"","overlay-type":"","overlay-color":"","overlay-opacity":"","overlay-gradient":""}},"ast-content-background-meta":{"desktop":{"background-color":"var(--ast-global-color-5)","background-image":"","background-repeat":"repeat","background-position":"center center","background-size":"auto","background-attachment":"scroll","background-type":"","background-media":"","overlay-type":"","overlay-color":"","overlay-opacity":"","overlay-gradient":""},"tablet":{"background-color":"var(--ast-global-color-5)","background-image":"","background-repeat":"repeat","background-position":"center center","background-size":"auto","background-attachment":"scroll","background-type":"","background-media":"","overlay-type":"","overlay-color":"","overlay-opacity":"","overlay-gradient":""},"mobile":{"background-color":"var(--ast-global-color-5)","background-image":"","background-repeat":"repeat","background-position":"center center","background-size":"auto","background-attachment":"scroll","background-type":"","background-media":"","overlay-type":"","overlay-color":"","overlay-opacity":"","overlay-gradient":""}}},"product_brand":[],"product_cat":[50,34,52],"product_tag":[],"class_list":{"0":"post-6604","1":"product","2":"type-product","3":"status-publish","4":"has-post-thumbnail","6":"product_cat-naujiena","7":"product_cat-saldainiai","8":"product_cat-zaisminga-karvute","9":"desktop-align-center","10":"tablet-align-center","11":"mobile-align-center","12":"ast-product-gallery-layout-horizontal","13":"ast-product-single-variable","14":"ast-product-tabs-layout-horizontal","15":"ast-qv-on-image","17":"first","18":"instock","19":"sale","20":"shipping-taxable","21":"purchasable","22":"product-type-variable"},"_links":{"self":[{"href":"https:\/\/karvuteasorti.lt\/lv\/wp-json\/wp\/v2\/product\/6604","targetHints":{"allow":["GET"]}}],"collection":[{"href":"https:\/\/karvuteasorti.lt\/lv\/wp-json\/wp\/v2\/product"}],"about":[{"href":"https:\/\/karvuteasorti.lt\/lv\/wp-json\/wp\/v2\/types\/product"}],"replies":[{"embeddable":true,"href":"https:\/\/karvuteasorti.lt\/lv\/wp-json\/wp\/v2\/comments?post=6604"}],"wp:featuredmedia":[{"embeddable":true,"href":"https:\/\/karvuteasorti.lt\/lv\/wp-json\/wp\/v2\/media\/6662"}],"wp:attachment":[{"href":"https:\/\/karvuteasorti.lt\/lv\/wp-json\/wp\/v2\/media?parent=6604"}],"wp:term":[{"taxonomy":"product_brand","embeddable":true,"href":"https:\/\/karvuteasorti.lt\/lv\/wp-json\/wp\/v2\/product_brand?post=6604"},{"taxonomy":"product_cat","embeddable":true,"href":"https:\/\/karvuteasorti.lt\/lv\/wp-json\/wp\/v2\/product_cat?post=6604"},{"taxonomy":"product_tag","embeddable":true,"href":"https:\/\/karvuteasorti.lt\/lv\/wp-json\/wp\/v2\/product_tag?post=6604"}],"curies":[{"name":"wp","href":"https:\/\/api.w.org\/{rel}","templated":true}]}}