{"id":6622,"date":"2025-10-08T17:34:58","date_gmt":"2025-10-08T14:34:58","guid":{"rendered":"https:\/\/karvuteasorti.lt\/?post_type=product&#038;p=6622"},"modified":"2025-11-14T16:08:16","modified_gmt":"2025-11-14T13:08:16","slug":"veganiska","status":"publish","type":"product","link":"https:\/\/karvuteasorti.lt\/lv\/product\/veganiska\/","title":{"rendered":"Veg\u0101niska Goti\u0146a"},"content":{"rendered":"<p class=\"\" data-start=\"153\" data-end=\"437\">Roku darbs veg\u0101nisks karameles konfekte \u2013 augu izcelsmes, maiga un bag\u0101t\u012bga izv\u0113le. Katrs kumosi\u0146\u0161 izce\u013cas ar dabisku saldu karameles tekst\u016bru, bag\u0101tin\u0101ts tikai ar augu sast\u0101vda\u013c\u0101m un bez dz\u012bvnieku izcelsmes produktiem. Dabiskas izejvielas, bez palmu e\u013c\u013cas, bez pievienotas s\u0101ls.<\/p>\n<p class=\"\" data-start=\"153\" data-end=\"437\">Uzglab\u0101\u0161anas nosac\u012bjumi: uzglab\u0101t saus\u0101 un v\u0113s\u0101 viet\u0101.<br \/>\nUztura v\u0113rt\u012bba 100 g:<br \/>\nEner\u0123ija: 1693 kJ \/ 401 kcal<br \/>\nTauki: 9,1 g (no tiem pies\u0101tin\u0101t\u0101s tauksk\u0101bes: 4,7 g)<br \/>\nOg\u013chidr\u0101ti: 76 g (no tiem cukuri: 63 g)<br \/>\nOlbaltumvielas: 3,8 g<br \/>\nS\u0101ls: 0,10 g<\/p>","protected":false},"excerpt":{"rendered":"<p>Roku darbs veg\u0101nisks karameles konfekte \u2013 augu izcelsmes, maiga un bag\u0101t\u012bga izv\u0113le.<\/p>","protected":false},"featured_media":6650,"comment_status":"open","ping_status":"closed","template":"","meta":{"site-sidebar-layout":"default","site-content-layout":"","ast-site-content-layout":"default","site-content-style":"default","site-sidebar-style":"default","ast-global-header-display":"","ast-banner-title-visibility":"","ast-main-header-display":"","ast-hfb-above-header-display":"","ast-hfb-below-header-display":"","ast-hfb-mobile-header-display":"","site-post-title":"","ast-breadcrumbs-content":"","ast-featured-img":"","footer-sml-layout":"","theme-transparent-header-meta":"default","adv-header-id-meta":"","stick-header-meta":"","header-above-stick-meta":"","header-main-stick-meta":"","header-below-stick-meta":"","astra-migrate-meta-layouts":"set","ast-page-background-enabled":"default","ast-page-background-meta":{"desktop":{"background-color":"","background-image":"","background-repeat":"repeat","background-position":"center center","background-size":"auto","background-attachment":"scroll","background-type":"","background-media":"","overlay-type":"","overlay-color":"","overlay-opacity":"","overlay-gradient":""},"tablet":{"background-color":"","background-image":"","background-repeat":"repeat","background-position":"center center","background-size":"auto","background-attachment":"scroll","background-type":"","background-media":"","overlay-type":"","overlay-color":"","overlay-opacity":"","overlay-gradient":""},"mobile":{"background-color":"","background-image":"","background-repeat":"repeat","background-position":"center center","background-size":"auto","background-attachment":"scroll","background-type":"","background-media":"","overlay-type":"","overlay-color":"","overlay-opacity":"","overlay-gradient":""}},"ast-content-background-meta":{"desktop":{"background-color":"var(--ast-global-color-5)","background-image":"","background-repeat":"repeat","background-position":"center center","background-size":"auto","background-attachment":"scroll","background-type":"","background-media":"","overlay-type":"","overlay-color":"","overlay-opacity":"","overlay-gradient":""},"tablet":{"background-color":"var(--ast-global-color-5)","background-image":"","background-repeat":"repeat","background-position":"center center","background-size":"auto","background-attachment":"scroll","background-type":"","background-media":"","overlay-type":"","overlay-color":"","overlay-opacity":"","overlay-gradient":""},"mobile":{"background-color":"var(--ast-global-color-5)","background-image":"","background-repeat":"repeat","background-position":"center center","background-size":"auto","background-attachment":"scroll","background-type":"","background-media":"","overlay-type":"","overlay-color":"","overlay-opacity":"","overlay-gradient":""}}},"product_brand":[],"product_cat":[50,34,52],"product_tag":[],"class_list":{"0":"post-6622","1":"product","2":"type-product","3":"status-publish","4":"has-post-thumbnail","6":"product_cat-naujiena","7":"product_cat-saldainiai","8":"product_cat-zaisminga-karvute","9":"desktop-align-center","10":"tablet-align-center","11":"mobile-align-center","12":"ast-product-gallery-layout-horizontal","13":"ast-product-single-variable","14":"ast-product-tabs-layout-horizontal","15":"ast-qv-on-image","17":"first","18":"instock","19":"sale","20":"shipping-taxable","21":"purchasable","22":"product-type-variable"},"_links":{"self":[{"href":"https:\/\/karvuteasorti.lt\/lv\/wp-json\/wp\/v2\/product\/6622","targetHints":{"allow":["GET"]}}],"collection":[{"href":"https:\/\/karvuteasorti.lt\/lv\/wp-json\/wp\/v2\/product"}],"about":[{"href":"https:\/\/karvuteasorti.lt\/lv\/wp-json\/wp\/v2\/types\/product"}],"replies":[{"embeddable":true,"href":"https:\/\/karvuteasorti.lt\/lv\/wp-json\/wp\/v2\/comments?post=6622"}],"wp:featuredmedia":[{"embeddable":true,"href":"https:\/\/karvuteasorti.lt\/lv\/wp-json\/wp\/v2\/media\/6650"}],"wp:attachment":[{"href":"https:\/\/karvuteasorti.lt\/lv\/wp-json\/wp\/v2\/media?parent=6622"}],"wp:term":[{"taxonomy":"product_brand","embeddable":true,"href":"https:\/\/karvuteasorti.lt\/lv\/wp-json\/wp\/v2\/product_brand?post=6622"},{"taxonomy":"product_cat","embeddable":true,"href":"https:\/\/karvuteasorti.lt\/lv\/wp-json\/wp\/v2\/product_cat?post=6622"},{"taxonomy":"product_tag","embeddable":true,"href":"https:\/\/karvuteasorti.lt\/lv\/wp-json\/wp\/v2\/product_tag?post=6622"}],"curies":[{"name":"wp","href":"https:\/\/api.w.org\/{rel}","templated":true}]}}