{"id":6654,"date":"2025-10-13T20:50:53","date_gmt":"2025-10-13T17:50:53","guid":{"rendered":"https:\/\/karvuteasorti.lt\/?post_type=product&#038;p=6654"},"modified":"2026-04-15T15:52:42","modified_gmt":"2026-04-15T12:52:42","slug":"karvute-asorti-dovanu-dezuteje","status":"publish","type":"product","link":"https:\/\/karvuteasorti.lt\/lv\/product\/karvute-asorti-dovanu-dezuteje\/","title":{"rendered":"Goti\u0146a asorti d\u0101vanu kast\u012bt\u0113"},"content":{"rendered":"<p>Mekl\u0113jat d\u0101vanu, kas sild\u012btu sirdi un p\u0101rsteigtu ar negaid\u012btiem sakaus\u0113jumiem? \u0160\u012b konfek\u0161u kast\u012bte apvieno trad\u012bciju m\u0101j\u012bgumu ar modern\u0101m gar\u0161\u0101m \u2013 ide\u0101la d\u0101vana \u012bpa\u0161iem gad\u012bjumiem vai ikdienas palutin\u0101\u0161anai. Atkl\u0101jiet gar\u0161\u012bg\u0101kos \u201eGoti\u0146a\u201c saldainus \u2013 gar\u0161u da\u017e\u0101d\u012bbu, kur katrs kumosi\u0146\u0161 k\u013c\u016bst par \u012bpa\u0161u atkl\u0101smi.<\/p>\n<p>\u201eGoti\u0146a Asorti\u201c \u2013 d\u0101vanu kast\u012bti, kur\u0101 pat asto\u0146as izcilas gar\u0161as: Apynelis, Menta un \u0161okol\u0101de, Veg\u0101niska, \u0100bolu k\u016bka, Advok\u0101ta li\u0137ieris, Klasika, Matcha Latte un Sald\u0101 citrona.<\/p>","protected":false},"excerpt":{"rendered":"<p>\u201eGoti\u0146a Asorti\u201c \u2013 d\u0101vanu kast\u012bti, kur\u0101 pat asto\u0146as izcilas gar\u0161as: Apynelis, Menta un \u0161okol\u0101de, Veg\u0101niska, \u0100bolu k\u016bka, Advok\u0101ta li\u0137ieris, Klasika, Matcha Latte un Sald\u0101 citrona. 200 g.<\/p>","protected":false},"featured_media":7141,"comment_status":"open","ping_status":"closed","template":"","meta":{"site-sidebar-layout":"default","site-content-layout":"","ast-site-content-layout":"default","site-content-style":"default","site-sidebar-style":"default","ast-global-header-display":"","ast-banner-title-visibility":"","ast-main-header-display":"","ast-hfb-above-header-display":"","ast-hfb-below-header-display":"","ast-hfb-mobile-header-display":"","site-post-title":"","ast-breadcrumbs-content":"","ast-featured-img":"","footer-sml-layout":"","theme-transparent-header-meta":"default","adv-header-id-meta":"","stick-header-meta":"","header-above-stick-meta":"","header-main-stick-meta":"","header-below-stick-meta":"","astra-migrate-meta-layouts":"set","ast-page-background-enabled":"default","ast-page-background-meta":{"desktop":{"background-color":"","background-image":"","background-repeat":"repeat","background-position":"center center","background-size":"auto","background-attachment":"scroll","background-type":"","background-media":"","overlay-type":"","overlay-color":"","overlay-opacity":"","overlay-gradient":""},"tablet":{"background-color":"","background-image":"","background-repeat":"repeat","background-position":"center center","background-size":"auto","background-attachment":"scroll","background-type":"","background-media":"","overlay-type":"","overlay-color":"","overlay-opacity":"","overlay-gradient":""},"mobile":{"background-color":"","background-image":"","background-repeat":"repeat","background-position":"center center","background-size":"auto","background-attachment":"scroll","background-type":"","background-media":"","overlay-type":"","overlay-color":"","overlay-opacity":"","overlay-gradient":""}},"ast-content-background-meta":{"desktop":{"background-color":"var(--ast-global-color-5)","background-image":"","background-repeat":"repeat","background-position":"center center","background-size":"auto","background-attachment":"scroll","background-type":"","background-media":"","overlay-type":"","overlay-color":"","overlay-opacity":"","overlay-gradient":""},"tablet":{"background-color":"var(--ast-global-color-5)","background-image":"","background-repeat":"repeat","background-position":"center center","background-size":"auto","background-attachment":"scroll","background-type":"","background-media":"","overlay-type":"","overlay-color":"","overlay-opacity":"","overlay-gradient":""},"mobile":{"background-color":"var(--ast-global-color-5)","background-image":"","background-repeat":"repeat","background-position":"center center","background-size":"auto","background-attachment":"scroll","background-type":"","background-media":"","overlay-type":"","overlay-color":"","overlay-opacity":"","overlay-gradient":""}}},"product_brand":[],"product_cat":[34,52],"product_tag":[],"class_list":{"0":"post-6654","1":"product","2":"type-product","3":"status-publish","4":"has-post-thumbnail","6":"product_cat-saldainiai","7":"product_cat-zaisminga-karvute","8":"desktop-align-center","9":"tablet-align-center","10":"mobile-align-center","11":"ast-product-gallery-layout-horizontal","12":"ast-product-gallery-with-no-image","13":"ast-product-tabs-layout-horizontal","14":"ast-qv-on-image","16":"first","17":"instock","18":"sale","19":"shipping-taxable","20":"purchasable","21":"product-type-simple"},"_links":{"self":[{"href":"https:\/\/karvuteasorti.lt\/lv\/wp-json\/wp\/v2\/product\/6654","targetHints":{"allow":["GET"]}}],"collection":[{"href":"https:\/\/karvuteasorti.lt\/lv\/wp-json\/wp\/v2\/product"}],"about":[{"href":"https:\/\/karvuteasorti.lt\/lv\/wp-json\/wp\/v2\/types\/product"}],"replies":[{"embeddable":true,"href":"https:\/\/karvuteasorti.lt\/lv\/wp-json\/wp\/v2\/comments?post=6654"}],"wp:featuredmedia":[{"embeddable":true,"href":"https:\/\/karvuteasorti.lt\/lv\/wp-json\/wp\/v2\/media\/7141"}],"wp:attachment":[{"href":"https:\/\/karvuteasorti.lt\/lv\/wp-json\/wp\/v2\/media?parent=6654"}],"wp:term":[{"taxonomy":"product_brand","embeddable":true,"href":"https:\/\/karvuteasorti.lt\/lv\/wp-json\/wp\/v2\/product_brand?post=6654"},{"taxonomy":"product_cat","embeddable":true,"href":"https:\/\/karvuteasorti.lt\/lv\/wp-json\/wp\/v2\/product_cat?post=6654"},{"taxonomy":"product_tag","embeddable":true,"href":"https:\/\/karvuteasorti.lt\/lv\/wp-json\/wp\/v2\/product_tag?post=6654"}],"curies":[{"name":"wp","href":"https:\/\/api.w.org\/{rel}","templated":true}]}}