{"id":7291,"date":"2026-01-30T17:26:18","date_gmt":"2026-01-30T14:26:18","guid":{"rendered":"https:\/\/karvuteasorti.lt\/?post_type=product&#038;p=7291"},"modified":"2026-04-15T15:52:19","modified_gmt":"2026-04-15T12:52:19","slug":"dovanu-dezute-dvieju-spalvu-svajone-400gr","status":"publish","type":"product","link":"https:\/\/karvuteasorti.lt\/lv\/product\/dovanu-dezute-dvieju-spalvu-svajone-400gr\/","title":{"rendered":"\u201eDviej\u0173 spalv\u0173 svajon\u0117\u201c 400gr."},"content":{"rendered":"<p>Kartais dovana kalba spalvomis \u2014 \u0161velnia ro\u017eine, \u0161iltos meil\u0117s prisilietimu, ir gaivia m\u0117tine, alsuojan\u010dia pavasario viltimi bei ramybe. \u2728<br \/>\n\u0160i 400 gr. d\u0117\u017eut\u0117 su populiariausiais saldainiais slepia ne tik skon\u012f, bet ir emocij\u0173 palet\u0119: kiekvienas k\u0105snelis \u2014 kaip atostogos \u0161irdyje. Puikiai supakuota, pasiruo\u0161usi keliauti tiesiai \u012f mylimiausio \u017emogaus \u0161ird\u012f.<\/p>\n<p>Padovanokite spalv\u0173 magij\u0105, kuri ilgam liks atmintyje! \ud83c\udf6c\ud83c\udf38\ud83e\uddca<br \/>\n\u0160velni ro\u017ein\u0117 ar m\u0117tin\u0117 \u2014 pasirinkite savo spalv\u0105!<\/p>","protected":false},"excerpt":{"rendered":"<p>Kartais dovana kalba spalvomis \u2014 \u0161velnia ro\u017eine, \u0161iltos meil\u0117s prisilietimu, ir gaivia m\u0117tine, alsuojan\u010dia pavasario viltimi bei ramybe. \u2728 \u0160i 400 gr. d\u0117\u017eut\u0117 su populiariausiais saldainiais slepia ne tik skon\u012f, bet ir emocij\u0173 palet\u0119: kiekvienas k\u0105snelis \u2014 kaip atostogos \u0161irdyje. Puikiai supakuota, pasiruo\u0161usi keliauti tiesiai \u012f mylimiausio \u017emogaus \u0161ird\u012f. Padovanokite spalv\u0173 magij\u0105, kuri ilgam liks [&hellip;]<\/p>","protected":false},"featured_media":7292,"comment_status":"open","ping_status":"closed","template":"","meta":{"site-sidebar-layout":"default","site-content-layout":"","ast-site-content-layout":"default","site-content-style":"default","site-sidebar-style":"default","ast-global-header-display":"","ast-banner-title-visibility":"","ast-main-header-display":"","ast-hfb-above-header-display":"","ast-hfb-below-header-display":"","ast-hfb-mobile-header-display":"","site-post-title":"","ast-breadcrumbs-content":"","ast-featured-img":"","footer-sml-layout":"","theme-transparent-header-meta":"default","adv-header-id-meta":"","stick-header-meta":"","header-above-stick-meta":"","header-main-stick-meta":"","header-below-stick-meta":"","astra-migrate-meta-layouts":"set","ast-page-background-enabled":"default","ast-page-background-meta":{"desktop":{"background-color":"","background-image":"","background-repeat":"repeat","background-position":"center center","background-size":"auto","background-attachment":"scroll","background-type":"","background-media":"","overlay-type":"","overlay-color":"","overlay-opacity":"","overlay-gradient":""},"tablet":{"background-color":"","background-image":"","background-repeat":"repeat","background-position":"center center","background-size":"auto","background-attachment":"scroll","background-type":"","background-media":"","overlay-type":"","overlay-color":"","overlay-opacity":"","overlay-gradient":""},"mobile":{"background-color":"","background-image":"","background-repeat":"repeat","background-position":"center center","background-size":"auto","background-attachment":"scroll","background-type":"","background-media":"","overlay-type":"","overlay-color":"","overlay-opacity":"","overlay-gradient":""}},"ast-content-background-meta":{"desktop":{"background-color":"var(--ast-global-color-5)","background-image":"","background-repeat":"repeat","background-position":"center center","background-size":"auto","background-attachment":"scroll","background-type":"","background-media":"","overlay-type":"","overlay-color":"","overlay-opacity":"","overlay-gradient":""},"tablet":{"background-color":"var(--ast-global-color-5)","background-image":"","background-repeat":"repeat","background-position":"center center","background-size":"auto","background-attachment":"scroll","background-type":"","background-media":"","overlay-type":"","overlay-color":"","overlay-opacity":"","overlay-gradient":""},"mobile":{"background-color":"var(--ast-global-color-5)","background-image":"","background-repeat":"repeat","background-position":"center center","background-size":"auto","background-attachment":"scroll","background-type":"","background-media":"","overlay-type":"","overlay-color":"","overlay-opacity":"","overlay-gradient":""}}},"product_brand":[],"product_cat":[34],"product_tag":[],"class_list":{"0":"post-7291","1":"product","2":"type-product","3":"status-publish","4":"has-post-thumbnail","6":"product_cat-saldainiai","7":"desktop-align-center","8":"tablet-align-center","9":"mobile-align-center","10":"ast-product-gallery-layout-horizontal","11":"ast-product-single-variable","12":"ast-product-tabs-layout-horizontal","13":"ast-qv-on-image","15":"first","16":"outofstock","17":"shipping-taxable","18":"purchasable","19":"product-type-variable"},"_links":{"self":[{"href":"https:\/\/karvuteasorti.lt\/lv\/wp-json\/wp\/v2\/product\/7291","targetHints":{"allow":["GET"]}}],"collection":[{"href":"https:\/\/karvuteasorti.lt\/lv\/wp-json\/wp\/v2\/product"}],"about":[{"href":"https:\/\/karvuteasorti.lt\/lv\/wp-json\/wp\/v2\/types\/product"}],"replies":[{"embeddable":true,"href":"https:\/\/karvuteasorti.lt\/lv\/wp-json\/wp\/v2\/comments?post=7291"}],"wp:featuredmedia":[{"embeddable":true,"href":"https:\/\/karvuteasorti.lt\/lv\/wp-json\/wp\/v2\/media\/7292"}],"wp:attachment":[{"href":"https:\/\/karvuteasorti.lt\/lv\/wp-json\/wp\/v2\/media?parent=7291"}],"wp:term":[{"taxonomy":"product_brand","embeddable":true,"href":"https:\/\/karvuteasorti.lt\/lv\/wp-json\/wp\/v2\/product_brand?post=7291"},{"taxonomy":"product_cat","embeddable":true,"href":"https:\/\/karvuteasorti.lt\/lv\/wp-json\/wp\/v2\/product_cat?post=7291"},{"taxonomy":"product_tag","embeddable":true,"href":"https:\/\/karvuteasorti.lt\/lv\/wp-json\/wp\/v2\/product_tag?post=7291"}],"curies":[{"name":"wp","href":"https:\/\/api.w.org\/{rel}","templated":true}]}}